{"id":8758,"date":"2023-05-12T15:59:58","date_gmt":"2023-05-12T13:59:58","guid":{"rendered":"https:\/\/rsportbocce.com\/new\/volo\/"},"modified":"2023-05-27T12:47:28","modified_gmt":"2023-05-27T10:47:28","slug":"vuelo","status":"publish","type":"page","link":"https:\/\/rsportbocce.com\/es\/vuelo\/","title":{"rendered":"VUELO"},"content":{"rendered":"<div id='av_section_1'  class='avia-section av-4xl6pv-88da8e89202013683efe495d27810a6a main_color avia-section-large avia-no-border-styling  avia-builder-el-0  el_before_av_section  avia-builder-el-first  avia-bg-style-scroll container_wrap sidebar_right'  ><div class='container av-section-cont-open' ><main  role=\"main\" itemprop=\"mainContentOfPage\"  class='template-page content  av-content-small alpha units'><div class='post-entry post-entry-type-page post-entry-8758'><div class='entry-content-wrapper clearfix'>\n\n<style type=\"text\/css\" data-created_by=\"avia_inline_auto\" id=\"style-css-av-4rfzr7-c2865a8f6f862312bd52f0c90658c995\">\n#top .av-special-heading.av-4rfzr7-c2865a8f6f862312bd52f0c90658c995{\npadding-bottom:30px;\nfont-size:70px;\n}\nbody .av-special-heading.av-4rfzr7-c2865a8f6f862312bd52f0c90658c995 .av-special-heading-tag .heading-char{\nfont-size:25px;\n}\n#top #wrap_all .av-special-heading.av-4rfzr7-c2865a8f6f862312bd52f0c90658c995 .av-special-heading-tag{\nfont-size:70px;\n}\n.av-special-heading.av-4rfzr7-c2865a8f6f862312bd52f0c90658c995 .av-subheading{\nfont-size:15px;\n}\n\n@media only screen and (min-width: 480px) and (max-width: 767px){ \n#top #wrap_all .av-special-heading.av-4rfzr7-c2865a8f6f862312bd52f0c90658c995 .av-special-heading-tag{\nfont-size:0.8em;\n}\n}\n\n@media only screen and (max-width: 479px){ \n#top #wrap_all .av-special-heading.av-4rfzr7-c2865a8f6f862312bd52f0c90658c995 .av-special-heading-tag{\nfont-size:0.8em;\n}\n}\n<\/style>\n<div  class='av-special-heading av-4rfzr7-c2865a8f6f862312bd52f0c90658c995 av-special-heading-h1 blockquote modern-quote  avia-builder-el-1  el_before_av_one_half  avia-builder-el-first  av-thin-font av-inherit-size'><h1 class='av-special-heading-tag'  itemprop=\"headline\"  >VUELO<strong>.<\/strong><\/h1><div class=\"special-heading-border\"><div class=\"special-heading-inner-border\"><\/div><\/div><\/div>\n\n<style type=\"text\/css\" data-created_by=\"avia_inline_auto\" id=\"style-css-av-4jarff-be5e5ff58537b0c8a5c12fa1d96828d9\">\n.flex_column.av-4jarff-be5e5ff58537b0c8a5c12fa1d96828d9{\n-webkit-border-radius:0px 0px 0px 0px;\n-moz-border-radius:0px 0px 0px 0px;\nborder-radius:0px 0px 0px 0px;\npadding:0px 0px 0px 0px;\n}\n<\/style>\n<div  class='flex_column av-4jarff-be5e5ff58537b0c8a5c12fa1d96828d9 av_one_half  avia-builder-el-2  el_after_av_heading  el_before_av_one_half  first flex_column_div av-zero-column-padding  '     ><section  class='av_textblock_section av-4dndo3-9cf8b516bb710e8a4a87a3b39958cdf3 '   itemscope=\"itemscope\" itemtype=\"https:\/\/schema.org\/CreativeWork\" ><div class='avia_textblock'  itemprop=\"text\" ><p>Es la especialidad del norte de Italia y est\u00e1 considerada, entre otras, la m\u00e1s \u00abdeportiva\u00bb y moderna por la t\u00e9cnica y rapidez de las pruebas. La especialidad tradicional del VUELO consiste en acercar las bochas lo m\u00e1s posible a la tiradora o en rechazar las contrarias o la tiradora, lanzando la bocha en par\u00e1bola.<\/p>\n<\/div><\/section><br \/>\n\n<style type=\"text\/css\" data-created_by=\"avia_inline_auto\" id=\"style-css-av-eyp57-a164698ea472d37bc3b6bbddb5e11b8c\">\n#top .hr.hr-invisible.av-eyp57-a164698ea472d37bc3b6bbddb5e11b8c{\nheight:30px;\n}\n<\/style>\n<div  class='hr av-eyp57-a164698ea472d37bc3b6bbddb5e11b8c hr-invisible  avia-builder-el-4  el_after_av_textblock  avia-builder-el-last '><span class='hr-inner '><span class=\"hr-inner-style\"><\/span><\/span><\/div><\/div>\n<style type=\"text\/css\" data-created_by=\"avia_inline_auto\" id=\"style-css-av-dsk63-fb30713cebf07307910ce0e7857dbdb5\">\n.flex_column.av-dsk63-fb30713cebf07307910ce0e7857dbdb5{\n-webkit-border-radius:0px 0px 0px 0px;\n-moz-border-radius:0px 0px 0px 0px;\nborder-radius:0px 0px 0px 0px;\npadding:0px 0px 0px 0px;\n}\n<\/style>\n<div  class='flex_column av-dsk63-fb30713cebf07307910ce0e7857dbdb5 av_one_half  avia-builder-el-5  el_after_av_one_half  avia-builder-el-last  flex_column_div av-zero-column-padding  '     ><section  class='av_textblock_section av-3owr63-eebe7929e67d9d5c6799b3c2d7cbb9aa '   itemscope=\"itemscope\" itemtype=\"https:\/\/schema.org\/CreativeWork\" ><div class='avia_textblock'  itemprop=\"text\" ><p><strong>RSport Bocce<\/strong> puede personalizar toda la ropa t\u00e9cnica al 100% con: elecci\u00f3n de materiales, configuraci\u00f3n gr\u00e1fica, tama\u00f1o, colores, textos, logotipos.<\/p>\n<\/div><\/section><br \/>\n\n<style type=\"text\/css\" data-created_by=\"avia_inline_auto\" id=\"style-css-av-3k0p7f-58b90673f0511834c7c7c39ecdc02647\">\n#top .hr.hr-invisible.av-3k0p7f-58b90673f0511834c7c7c39ecdc02647{\nheight:30px;\n}\n<\/style>\n<div  class='hr av-3k0p7f-58b90673f0511834c7c7c39ecdc02647 hr-invisible  avia-builder-el-7  el_after_av_textblock  avia-builder-el-last '><span class='hr-inner '><span class=\"hr-inner-style\"><\/span><\/span><\/div><\/div><\/div><\/div><\/main><!-- close content main element --><\/div><\/div>\n<style type=\"text\/css\" data-created_by=\"avia_inline_auto\" id=\"style-css-av-lhkmfjl8-cf1800fbe8ddc98ab66a84f59daaf563\">\n.avia-section.av-lhkmfjl8-cf1800fbe8ddc98ab66a84f59daaf563{\nbackground-color:#191919;\nbackground-image:unset;\n}\n<\/style>\n<div id='av_section_2'  class='avia-section av-lhkmfjl8-cf1800fbe8ddc98ab66a84f59daaf563 alternate_color avia-section-large avia-no-border-styling  avia-builder-el-8  el_after_av_section  el_before_av_masonry_entries  avia-bg-style-fixed container_wrap sidebar_right'  ><div class='container av-section-cont-open' ><div class='template-page content  av-content-small alpha units'><div class='post-entry post-entry-type-page post-entry-8758'><div class='entry-content-wrapper clearfix'>\n\n<style type=\"text\/css\" data-created_by=\"avia_inline_auto\" id=\"style-css-av-jksb7-eeda02cfd866988272a94a9475f82b00\">\n.flex_column.av-jksb7-eeda02cfd866988272a94a9475f82b00{\n-webkit-border-radius:0px 0px 0px 0px;\n-moz-border-radius:0px 0px 0px 0px;\nborder-radius:0px 0px 0px 0px;\npadding:0px 0px 0px 0px;\n}\n<\/style>\n<div  class='flex_column av-jksb7-eeda02cfd866988272a94a9475f82b00 av_one_fifth  avia-builder-el-9  el_before_av_three_fifth  avia-builder-el-first  first flex_column_div av-zero-column-padding  '     ><\/div>\n<style type=\"text\/css\" data-created_by=\"avia_inline_auto\" id=\"style-css-av-hdxkr-7806b407f7872d55dfddb7f2c347e80d\">\n.flex_column.av-hdxkr-7806b407f7872d55dfddb7f2c347e80d{\n-webkit-border-radius:0px 0px 0px 0px;\n-moz-border-radius:0px 0px 0px 0px;\nborder-radius:0px 0px 0px 0px;\npadding:0px 0px 0px 0px;\n}\n<\/style>\n<div  class='flex_column av-hdxkr-7806b407f7872d55dfddb7f2c347e80d av_three_fifth  avia-builder-el-10  el_after_av_one_fifth  el_before_av_one_fifth  flex_column_div av-zero-column-padding  '     ><style type=\"text\/css\" data-created_by=\"avia_inline_auto\" id=\"style-css-av-lhkmf2tw-9b0c41ebcadb534bd5edb5e729c46aa0\">\n#top .av-special-heading.av-lhkmf2tw-9b0c41ebcadb534bd5edb5e729c46aa0{\nfont-size:50px;\n}\nbody .av-special-heading.av-lhkmf2tw-9b0c41ebcadb534bd5edb5e729c46aa0 .av-special-heading-tag .heading-char{\nfont-size:25px;\n}\n#top #wrap_all .av-special-heading.av-lhkmf2tw-9b0c41ebcadb534bd5edb5e729c46aa0 .av-special-heading-tag{\nfont-size:50px;\n}\n.av-special-heading.av-lhkmf2tw-9b0c41ebcadb534bd5edb5e729c46aa0 .av-subheading{\nfont-size:15px;\n}\n\n@media only screen and (min-width: 480px) and (max-width: 767px){ \n#top #wrap_all .av-special-heading.av-lhkmf2tw-9b0c41ebcadb534bd5edb5e729c46aa0 .av-special-heading-tag{\nfont-size:0.8em;\n}\n}\n\n@media only screen and (max-width: 479px){ \n#top #wrap_all .av-special-heading.av-lhkmf2tw-9b0c41ebcadb534bd5edb5e729c46aa0 .av-special-heading-tag{\nfont-size:0.8em;\n}\n}\n<\/style>\n<div  class='av-special-heading av-lhkmf2tw-9b0c41ebcadb534bd5edb5e729c46aa0 av-special-heading-h1 blockquote modern-quote modern-centered  avia-builder-el-11  avia-builder-el-no-sibling  av-thin-font av-inherit-size'><h1 class='av-special-heading-tag'  itemprop=\"headline\"  >Descubre los Productos <strong>RSport.<\/strong><\/h1><div class=\"special-heading-border\"><div class=\"special-heading-inner-border\"><\/div><\/div><\/div><\/div>\n<style type=\"text\/css\" data-created_by=\"avia_inline_auto\" id=\"style-css-av-9pdk3-fcefaba3585b5cd8d988714cf6f9cef8\">\n.flex_column.av-9pdk3-fcefaba3585b5cd8d988714cf6f9cef8{\n-webkit-border-radius:0px 0px 0px 0px;\n-moz-border-radius:0px 0px 0px 0px;\nborder-radius:0px 0px 0px 0px;\npadding:0px 0px 0px 0px;\n}\n<\/style>\n<div  class='flex_column av-9pdk3-fcefaba3585b5cd8d988714cf6f9cef8 av_one_fifth  avia-builder-el-12  el_after_av_three_fifth  avia-builder-el-last  flex_column_div av-zero-column-padding  '     ><\/div>\n<style type=\"text\/css\" data-created_by=\"avia_inline_auto\" id=\"style-css-av-pilv-92c6ea6e79790116b755cdf8ab2f5351\">\n#top .av-masonry.av-pilv-92c6ea6e79790116b755cdf8ab2f5351{\nbackground-color:#191919;\n}\n<\/style>\n<div id='av-masonry-1' class='av-masonry av-pilv-92c6ea6e79790116b755cdf8ab2f5351 noHover av-fixed-size av-large-gap av-hover-overlay-active av-masonry-animation-active av-masonry-col-3 av-caption-on-hover-hide av-caption-style-overlay av-masonry-entries ' data-post_id=\"8758\"><div class=\"av-masonry-container isotope av-js-disabled\"><div class='av-masonry-entry isotope-item av-masonry-item-no-image '><\/div><a href=\"https:\/\/rsportbocce.com\/es\/portfolio-articoli\/camisetas\/\"  id='av-masonry-1-item-8794' data-av-masonry-item='8794' class='av-masonry-entry isotope-item post-8794 portfolio type-portfolio status-publish has-post-thumbnail hentry portfolio_entries-bocce-es  av-masonry-item-with-image' title=\"WhatsApp Image 2021-05-11 at 14.16.16 (18)\"   itemscope=\"itemscope\" itemtype=\"https:\/\/schema.org\/CreativeWork\" ><div class='av-inner-masonry-sizer'><\/div><figure class='av-inner-masonry main_color'><div class=\"av-masonry-outerimage-container\"><div class='av-masonry-image-container' style=\"background-image: url(https:\/\/rsportbocce.com\/wp-content\/uploads\/2021\/05\/WhatsApp-Image-2021-05-11-at-14.16.16-18.jpeg);\"  title=\"WhatsApp Image 2021-05-11 at 14.16.16 (18)\"  ><\/div><\/div><figcaption class='av-inner-masonry-content site-background'><div class='av-inner-masonry-content-pos'><div class='av-inner-masonry-content-pos-content'><div class='avia-arrow'><\/div><h3 class='av-masonry-entry-title entry-title '  itemprop=\"headline\" >Camisetas<\/h3><\/div><\/div><\/figcaption><\/figure><\/a><!--end av-masonry entry--><a href=\"https:\/\/rsportbocce.com\/es\/portfolio-articoli\/pantalones-y-shorts\/\"  id='av-masonry-1-item-8795' data-av-masonry-item='8795' class='av-masonry-entry isotope-item post-8795 portfolio type-portfolio status-publish has-post-thumbnail hentry portfolio_entries-bocce-es  av-masonry-item-with-image' title=\"francia3\"   itemscope=\"itemscope\" itemtype=\"https:\/\/schema.org\/CreativeWork\" ><div class='av-inner-masonry-sizer'><\/div><figure class='av-inner-masonry main_color'><div class=\"av-masonry-outerimage-container\"><div class='av-masonry-image-container' style=\"background-image: url(https:\/\/rsportbocce.com\/wp-content\/uploads\/2023\/04\/francia3.jpg);\"  title=\"francia3\"  ><\/div><\/div><figcaption class='av-inner-masonry-content site-background'><div class='av-inner-masonry-content-pos'><div class='av-inner-masonry-content-pos-content'><div class='avia-arrow'><\/div><h3 class='av-masonry-entry-title entry-title '  itemprop=\"headline\" >Pantalones y Shorts<\/h3><\/div><\/div><\/figcaption><\/figure><\/a><!--end av-masonry entry--><a href=\"https:\/\/rsportbocce.com\/es\/portfolio-articoli\/sudaderas\/\"  id='av-masonry-1-item-8796' data-av-masonry-item='8796' class='av-masonry-entry isotope-item post-8796 portfolio type-portfolio status-publish has-post-thumbnail hentry portfolio_entries-bocce-es  av-masonry-item-with-image' title=\"WhatsApp Image 2021-12-24 at 10.01.34 (4)\"   itemscope=\"itemscope\" itemtype=\"https:\/\/schema.org\/CreativeWork\" ><div class='av-inner-masonry-sizer'><\/div><figure class='av-inner-masonry main_color'><div class=\"av-masonry-outerimage-container\"><div class='av-masonry-image-container' style=\"background-image: url(https:\/\/rsportbocce.com\/wp-content\/uploads\/2022\/01\/WhatsApp-Image-2021-12-24-at-10.01.34-4.jpeg);\"  title=\"WhatsApp Image 2021-12-24 at 10.01.34 (4)\"  ><\/div><\/div><figcaption class='av-inner-masonry-content site-background'><div class='av-inner-masonry-content-pos'><div class='av-inner-masonry-content-pos-content'><div class='avia-arrow'><\/div><h3 class='av-masonry-entry-title entry-title '  itemprop=\"headline\" >Sudaderas<\/h3><\/div><\/div><\/figcaption><\/figure><\/a><!--end av-masonry entry--><a href=\"https:\/\/rsportbocce.com\/es\/portfolio-articoli\/zapatos-y-calcetines\/\"  id='av-masonry-1-item-8797' data-av-masonry-item='8797' class='av-masonry-entry isotope-item post-8797 portfolio type-portfolio status-publish has-post-thumbnail hentry portfolio_entries-bocce-es  av-masonry-item-with-image' title=\"WhatsApp Image 2021-05-11 at 14.16.16 (3)\"   itemscope=\"itemscope\" itemtype=\"https:\/\/schema.org\/CreativeWork\" ><div class='av-inner-masonry-sizer'><\/div><figure class='av-inner-masonry main_color'><div class=\"av-masonry-outerimage-container\"><div class='av-masonry-image-container' style=\"background-image: url(https:\/\/rsportbocce.com\/wp-content\/uploads\/2021\/05\/WhatsApp-Image-2021-05-11-at-14.16.16-3.jpeg);\"  title=\"WhatsApp Image 2021-05-11 at 14.16.16 (3)\"  ><\/div><\/div><figcaption class='av-inner-masonry-content site-background'><div class='av-inner-masonry-content-pos'><div class='av-inner-masonry-content-pos-content'><div class='avia-arrow'><\/div><h3 class='av-masonry-entry-title entry-title '  itemprop=\"headline\" >Zapatos y calcetines<\/h3><\/div><\/div><\/figcaption><\/figure><\/a><!--end av-masonry entry--><a href=\"https:\/\/rsportbocce.com\/es\/portfolio-articoli\/bolsos-y-mochilas\/\"  id='av-masonry-1-item-8800' data-av-masonry-item='8800' class='av-masonry-entry isotope-item post-8800 portfolio type-portfolio status-publish has-post-thumbnail hentry portfolio_entries-bocce-es  av-masonry-item-with-image' title=\"1611675380381\"   itemscope=\"itemscope\" itemtype=\"https:\/\/schema.org\/CreativeWork\" ><div class='av-inner-masonry-sizer'><\/div><figure class='av-inner-masonry main_color'><div class=\"av-masonry-outerimage-container\"><div class='av-masonry-image-container' style=\"background-image: url(https:\/\/rsportbocce.com\/wp-content\/uploads\/2021\/01\/1611675380381.jpg);\"  title=\"1611675380381\"  ><\/div><\/div><figcaption class='av-inner-masonry-content site-background'><div class='av-inner-masonry-content-pos'><div class='av-inner-masonry-content-pos-content'><div class='avia-arrow'><\/div><h3 class='av-masonry-entry-title entry-title '  itemprop=\"headline\" >Bolsos y Mochilas<\/h3><\/div><\/div><\/figcaption><\/figure><\/a><!--end av-masonry entry--><a href=\"https:\/\/rsportbocce.com\/es\/portfolio-articoli\/balas\/\"  id='av-masonry-1-item-8805' data-av-masonry-item='8805' class='av-masonry-entry isotope-item post-8805 portfolio type-portfolio status-publish has-post-thumbnail hentry portfolio_entries-bocce-es  av-masonry-item-with-image' title=\"WhatsApp Image 2021-09-14 at 18.23.59\"   itemscope=\"itemscope\" itemtype=\"https:\/\/schema.org\/CreativeWork\" ><div class='av-inner-masonry-sizer'><\/div><figure class='av-inner-masonry main_color'><div class=\"av-masonry-outerimage-container\"><div class='av-masonry-image-container' style=\"background-image: url(https:\/\/rsportbocce.com\/wp-content\/uploads\/2021\/09\/WhatsApp-Image-2021-09-14-at-18.23.59.jpeg);\"  title=\"WhatsApp Image 2021-09-14 at 18.23.59\"  ><\/div><\/div><figcaption class='av-inner-masonry-content site-background'><div class='av-inner-masonry-content-pos'><div class='av-inner-masonry-content-pos-content'><div class='avia-arrow'><\/div><h3 class='av-masonry-entry-title entry-title '  itemprop=\"headline\" >Balas<\/h3><\/div><\/div><\/figcaption><\/figure><\/a><!--end av-masonry entry--><\/div><\/div>\n","protected":false},"excerpt":{"rendered":"VUELO. Es la especialidad del norte de Italia y est\u00e1 considerada, entre otras, la m\u00e1s \"deportiva\" y moderna por la t\u00e9cnica y rapidez de las pruebas. La especialidad tradicional del VUELO consiste en acercar las bochas lo m\u00e1s posible a la tiradora o en rechazar las contrarias o la tiradora, lanzando la bocha en par\u00e1bola. [...]","protected":false},"author":5,"featured_media":0,"parent":0,"menu_order":0,"comment_status":"closed","ping_status":"closed","template":"","meta":{"footnotes":""},"class_list":["post-8758","page","type-page","status-publish","hentry"],"yoast_head":"<!-- This site is optimized with the Yoast SEO plugin v25.5 - https:\/\/yoast.com\/wordpress\/plugins\/seo\/ -->\n<title>VUELO - RSport Bocce<\/title>\n<meta name=\"robots\" content=\"index, follow, max-snippet:-1, max-image-preview:large, max-video-preview:-1\" \/>\n<link rel=\"canonical\" href=\"https:\/\/rsportbocce.com\/es\/vuelo\/\" \/>\n<meta property=\"og:locale\" content=\"es_ES\" \/>\n<meta property=\"og:type\" content=\"article\" \/>\n<meta property=\"og:title\" content=\"VUELO - RSport Bocce\" \/>\n<meta property=\"og:url\" content=\"https:\/\/rsportbocce.com\/es\/vuelo\/\" \/>\n<meta property=\"og:site_name\" content=\"RSport Bocce\" \/>\n<meta property=\"article:modified_time\" content=\"2023-05-27T10:47:28+00:00\" \/>\n<meta name=\"twitter:card\" content=\"summary_large_image\" \/>\n<meta name=\"twitter:label1\" content=\"Tiempo de lectura\" \/>\n\t<meta name=\"twitter:data1\" content=\"4 minutos\" \/>\n<script type=\"application\/ld+json\" class=\"yoast-schema-graph\">{\"@context\":\"https:\/\/schema.org\",\"@graph\":[{\"@type\":\"WebPage\",\"@id\":\"https:\/\/rsportbocce.com\/es\/vuelo\/\",\"url\":\"https:\/\/rsportbocce.com\/es\/vuelo\/\",\"name\":\"VUELO - RSport Bocce\",\"isPartOf\":{\"@id\":\"https:\/\/rsportbocce.com\/it\/#website\"},\"datePublished\":\"2023-05-12T13:59:58+00:00\",\"dateModified\":\"2023-05-27T10:47:28+00:00\",\"breadcrumb\":{\"@id\":\"https:\/\/rsportbocce.com\/es\/vuelo\/#breadcrumb\"},\"inLanguage\":\"es\",\"potentialAction\":[{\"@type\":\"ReadAction\",\"target\":[\"https:\/\/rsportbocce.com\/es\/vuelo\/\"]}]},{\"@type\":\"BreadcrumbList\",\"@id\":\"https:\/\/rsportbocce.com\/es\/vuelo\/#breadcrumb\",\"itemListElement\":[{\"@type\":\"ListItem\",\"position\":1,\"name\":\"Home\",\"item\":\"https:\/\/rsportbocce.com\/it\/\"},{\"@type\":\"ListItem\",\"position\":2,\"name\":\"VUELO\"}]},{\"@type\":\"WebSite\",\"@id\":\"https:\/\/rsportbocce.com\/it\/#website\",\"url\":\"https:\/\/rsportbocce.com\/it\/\",\"name\":\"RSport Bocce\",\"description\":\"Tutto per le bocce\",\"potentialAction\":[{\"@type\":\"SearchAction\",\"target\":{\"@type\":\"EntryPoint\",\"urlTemplate\":\"https:\/\/rsportbocce.com\/it\/?s={search_term_string}\"},\"query-input\":{\"@type\":\"PropertyValueSpecification\",\"valueRequired\":true,\"valueName\":\"search_term_string\"}}],\"inLanguage\":\"es\"}]}<\/script>\n<!-- \/ Yoast SEO plugin. -->","yoast_head_json":{"title":"VUELO - RSport Bocce","robots":{"index":"index","follow":"follow","max-snippet":"max-snippet:-1","max-image-preview":"max-image-preview:large","max-video-preview":"max-video-preview:-1"},"canonical":"https:\/\/rsportbocce.com\/es\/vuelo\/","og_locale":"es_ES","og_type":"article","og_title":"VUELO - RSport Bocce","og_url":"https:\/\/rsportbocce.com\/es\/vuelo\/","og_site_name":"RSport Bocce","article_modified_time":"2023-05-27T10:47:28+00:00","twitter_card":"summary_large_image","twitter_misc":{"Tiempo de lectura":"4 minutos"},"schema":{"@context":"https:\/\/schema.org","@graph":[{"@type":"WebPage","@id":"https:\/\/rsportbocce.com\/es\/vuelo\/","url":"https:\/\/rsportbocce.com\/es\/vuelo\/","name":"VUELO - RSport Bocce","isPartOf":{"@id":"https:\/\/rsportbocce.com\/it\/#website"},"datePublished":"2023-05-12T13:59:58+00:00","dateModified":"2023-05-27T10:47:28+00:00","breadcrumb":{"@id":"https:\/\/rsportbocce.com\/es\/vuelo\/#breadcrumb"},"inLanguage":"es","potentialAction":[{"@type":"ReadAction","target":["https:\/\/rsportbocce.com\/es\/vuelo\/"]}]},{"@type":"BreadcrumbList","@id":"https:\/\/rsportbocce.com\/es\/vuelo\/#breadcrumb","itemListElement":[{"@type":"ListItem","position":1,"name":"Home","item":"https:\/\/rsportbocce.com\/it\/"},{"@type":"ListItem","position":2,"name":"VUELO"}]},{"@type":"WebSite","@id":"https:\/\/rsportbocce.com\/it\/#website","url":"https:\/\/rsportbocce.com\/it\/","name":"RSport Bocce","description":"Tutto per le bocce","potentialAction":[{"@type":"SearchAction","target":{"@type":"EntryPoint","urlTemplate":"https:\/\/rsportbocce.com\/it\/?s={search_term_string}"},"query-input":{"@type":"PropertyValueSpecification","valueRequired":true,"valueName":"search_term_string"}}],"inLanguage":"es"}]}},"_links":{"self":[{"href":"https:\/\/rsportbocce.com\/es\/wp-json\/wp\/v2\/pages\/8758","targetHints":{"allow":["GET"]}}],"collection":[{"href":"https:\/\/rsportbocce.com\/es\/wp-json\/wp\/v2\/pages"}],"about":[{"href":"https:\/\/rsportbocce.com\/es\/wp-json\/wp\/v2\/types\/page"}],"author":[{"embeddable":true,"href":"https:\/\/rsportbocce.com\/es\/wp-json\/wp\/v2\/users\/5"}],"replies":[{"embeddable":true,"href":"https:\/\/rsportbocce.com\/es\/wp-json\/wp\/v2\/comments?post=8758"}],"version-history":[{"count":2,"href":"https:\/\/rsportbocce.com\/es\/wp-json\/wp\/v2\/pages\/8758\/revisions"}],"predecessor-version":[{"id":8764,"href":"https:\/\/rsportbocce.com\/es\/wp-json\/wp\/v2\/pages\/8758\/revisions\/8764"}],"wp:attachment":[{"href":"https:\/\/rsportbocce.com\/es\/wp-json\/wp\/v2\/media?parent=8758"}],"curies":[{"name":"wp","href":"https:\/\/api.w.org\/{rel}","templated":true}]}}