{"id":8419,"date":"2016-05-11T13:49:10","date_gmt":"2016-05-11T13:49:10","guid":{"rendered":"https:\/\/rsportbocce.com\/new\/raffa\/"},"modified":"2023-05-31T13:51:28","modified_gmt":"2023-05-31T11:51:28","slug":"raffa","status":"publish","type":"page","link":"https:\/\/rsportbocce.com\/fr\/raffa\/","title":{"rendered":"RAFFA"},"content":{"rendered":"<div id='av_section_1'  class='avia-section av-4xl6pv-88da8e89202013683efe495d27810a6a main_color avia-section-large avia-no-border-styling  avia-builder-el-0  el_before_av_section  avia-builder-el-first  avia-bg-style-scroll container_wrap sidebar_right'  ><div class='container av-section-cont-open' ><main  role=\"main\" itemprop=\"mainContentOfPage\"  class='template-page content  av-content-small alpha units'><div class='post-entry post-entry-type-page post-entry-8419'><div class='entry-content-wrapper clearfix'>\n\n<style type=\"text\/css\" data-created_by=\"avia_inline_auto\" id=\"style-css-av-4rfzr7-1858ae163ccbec262b0de2ede38efc5e\">\n#top .av-special-heading.av-4rfzr7-1858ae163ccbec262b0de2ede38efc5e{\npadding-bottom:30px;\nfont-size:70px;\n}\nbody .av-special-heading.av-4rfzr7-1858ae163ccbec262b0de2ede38efc5e .av-special-heading-tag .heading-char{\nfont-size:25px;\n}\n#top #wrap_all .av-special-heading.av-4rfzr7-1858ae163ccbec262b0de2ede38efc5e .av-special-heading-tag{\nfont-size:70px;\n}\n.av-special-heading.av-4rfzr7-1858ae163ccbec262b0de2ede38efc5e .av-subheading{\nfont-size:15px;\n}\n\n@media only screen and (min-width: 480px) and (max-width: 767px){ \n#top #wrap_all .av-special-heading.av-4rfzr7-1858ae163ccbec262b0de2ede38efc5e .av-special-heading-tag{\nfont-size:0.8em;\n}\n}\n\n@media only screen and (max-width: 479px){ \n#top #wrap_all .av-special-heading.av-4rfzr7-1858ae163ccbec262b0de2ede38efc5e .av-special-heading-tag{\nfont-size:0.8em;\n}\n}\n<\/style>\n<div  class='av-special-heading av-4rfzr7-1858ae163ccbec262b0de2ede38efc5e av-special-heading-h1 blockquote modern-quote  avia-builder-el-1  el_before_av_one_full  avia-builder-el-first  av-thin-font av-inherit-size'><h1 class='av-special-heading-tag'  itemprop=\"headline\"  >Raffa<strong>.<\/strong><\/h1><div class=\"special-heading-border\"><div class=\"special-heading-inner-border\"><\/div><\/div><\/div>\n\n<style type=\"text\/css\" data-created_by=\"avia_inline_auto\" id=\"style-css-av-dsk63-c92659c0677358028074fb1996b06fc6\">\n.flex_column.av-dsk63-c92659c0677358028074fb1996b06fc6{\n-webkit-border-radius:0px 0px 0px 0px;\n-moz-border-radius:0px 0px 0px 0px;\nborder-radius:0px 0px 0px 0px;\npadding:0px 0px 0px 0px;\n}\n<\/style>\n<div  class='flex_column av-dsk63-c92659c0677358028074fb1996b06fc6 av_one_full  avia-builder-el-2  el_after_av_heading  avia-builder-el-last  first flex_column_div av-zero-column-padding  '     ><section  class='av_textblock_section av-3owr63-eebe7929e67d9d5c6799b3c2d7cbb9aa '   itemscope=\"itemscope\" itemtype=\"https:\/\/schema.org\/CreativeWork\" ><div class='avia_textblock'  itemprop=\"text\" ><p><strong>RSport Boules<\/strong> est capable de personnaliser \u00e0 100% tous les v\u00eatements techniques avec : choix des mati\u00e8res, configuration graphique, taille, couleurs, textes, logos.<\/p>\n<\/div><\/section><br \/>\n\n<style type=\"text\/css\" data-created_by=\"avia_inline_auto\" id=\"style-css-av-3k0p7f-58b90673f0511834c7c7c39ecdc02647\">\n#top .hr.hr-invisible.av-3k0p7f-58b90673f0511834c7c7c39ecdc02647{\nheight:30px;\n}\n<\/style>\n<div  class='hr av-3k0p7f-58b90673f0511834c7c7c39ecdc02647 hr-invisible  avia-builder-el-4  el_after_av_textblock  avia-builder-el-last '><span class='hr-inner '><span class=\"hr-inner-style\"><\/span><\/span><\/div><\/div><\/div><\/div><\/main><!-- close content main element --><\/div><\/div>\n<style type=\"text\/css\" data-created_by=\"avia_inline_auto\" id=\"style-css-av-lhkmfjl8-cf1800fbe8ddc98ab66a84f59daaf563\">\n.avia-section.av-lhkmfjl8-cf1800fbe8ddc98ab66a84f59daaf563{\nbackground-color:#191919;\nbackground-image:unset;\n}\n<\/style>\n<div id='av_section_2'  class='avia-section av-lhkmfjl8-cf1800fbe8ddc98ab66a84f59daaf563 alternate_color avia-section-large avia-no-border-styling  avia-builder-el-5  el_after_av_section  el_before_av_masonry_entries  avia-bg-style-fixed container_wrap sidebar_right'  ><div class='container av-section-cont-open' ><div class='template-page content  av-content-small alpha units'><div class='post-entry post-entry-type-page post-entry-8419'><div class='entry-content-wrapper clearfix'>\n\n<style type=\"text\/css\" data-created_by=\"avia_inline_auto\" id=\"style-css-av-av_one_fifth-068220c8262444be99a83ad265bdcedb\">\n.flex_column.av-av_one_fifth-068220c8262444be99a83ad265bdcedb{\n-webkit-border-radius:0px 0px 0px 0px;\n-moz-border-radius:0px 0px 0px 0px;\nborder-radius:0px 0px 0px 0px;\npadding:0px 0px 0px 0px;\n}\n<\/style>\n<div  class='flex_column av-av_one_fifth-068220c8262444be99a83ad265bdcedb av_one_fifth  avia-builder-el-6  el_before_av_three_fifth  avia-builder-el-first  first flex_column_div av-zero-column-padding  '     ><\/div>\n<style type=\"text\/css\" data-created_by=\"avia_inline_auto\" id=\"style-css-av-av_three_fifth-e671fab5613f317ef63eb9ab712c64a3\">\n.flex_column.av-av_three_fifth-e671fab5613f317ef63eb9ab712c64a3{\n-webkit-border-radius:0px 0px 0px 0px;\n-moz-border-radius:0px 0px 0px 0px;\nborder-radius:0px 0px 0px 0px;\npadding:0px 0px 0px 0px;\n}\n<\/style>\n<div  class='flex_column av-av_three_fifth-e671fab5613f317ef63eb9ab712c64a3 av_three_fifth  avia-builder-el-7  el_after_av_one_fifth  el_before_av_one_fifth  flex_column_div av-zero-column-padding  '     ><style type=\"text\/css\" data-created_by=\"avia_inline_auto\" id=\"style-css-av-lhkmf2tw-c62ee957f74194eb56a378cf6e50c124\">\n#top .av-special-heading.av-lhkmf2tw-c62ee957f74194eb56a378cf6e50c124{\nfont-size:50px;\n}\nbody .av-special-heading.av-lhkmf2tw-c62ee957f74194eb56a378cf6e50c124 .av-special-heading-tag .heading-char{\nfont-size:25px;\n}\n#top #wrap_all .av-special-heading.av-lhkmf2tw-c62ee957f74194eb56a378cf6e50c124 .av-special-heading-tag{\nfont-size:50px;\n}\n.av-special-heading.av-lhkmf2tw-c62ee957f74194eb56a378cf6e50c124 .av-subheading{\nfont-size:15px;\n}\n\n@media only screen and (min-width: 480px) and (max-width: 767px){ \n#top #wrap_all .av-special-heading.av-lhkmf2tw-c62ee957f74194eb56a378cf6e50c124 .av-special-heading-tag{\nfont-size:0.8em;\n}\n}\n\n@media only screen and (max-width: 479px){ \n#top #wrap_all .av-special-heading.av-lhkmf2tw-c62ee957f74194eb56a378cf6e50c124 .av-special-heading-tag{\nfont-size:0.8em;\n}\n}\n<\/style>\n<div  class='av-special-heading av-lhkmf2tw-c62ee957f74194eb56a378cf6e50c124 av-special-heading-h1 blockquote modern-quote modern-centered  avia-builder-el-8  avia-builder-el-no-sibling  av-thin-font av-inherit-size'><h1 class='av-special-heading-tag'  itemprop=\"headline\"  >D\u00e9couvrez les produits <strong>RSport.<\/strong><\/h1><div class=\"special-heading-border\"><div class=\"special-heading-inner-border\"><\/div><\/div><\/div><\/div>\n<style type=\"text\/css\" data-created_by=\"avia_inline_auto\" id=\"style-css-av-av_one_fifth-e671fab5613f317ef63eb9ab712c64a3\">\n.flex_column.av-av_one_fifth-e671fab5613f317ef63eb9ab712c64a3{\n-webkit-border-radius:0px 0px 0px 0px;\n-moz-border-radius:0px 0px 0px 0px;\nborder-radius:0px 0px 0px 0px;\npadding:0px 0px 0px 0px;\n}\n<\/style>\n<div  class='flex_column av-av_one_fifth-e671fab5613f317ef63eb9ab712c64a3 av_one_fifth  avia-builder-el-9  el_after_av_three_fifth  avia-builder-el-last  flex_column_div av-zero-column-padding  '     ><\/div>\n\n<style type=\"text\/css\" data-created_by=\"avia_inline_auto\" id=\"style-css-av-pilv-92c6ea6e79790116b755cdf8ab2f5351\">\n#top .av-masonry.av-pilv-92c6ea6e79790116b755cdf8ab2f5351{\nbackground-color:#191919;\n}\n<\/style>\n<div id='av-masonry-1' class='av-masonry av-pilv-92c6ea6e79790116b755cdf8ab2f5351 noHover av-fixed-size av-large-gap av-hover-overlay-active av-masonry-animation-active av-masonry-col-3 av-caption-on-hover-hide av-caption-style-overlay av-masonry-entries ' data-post_id=\"8419\"><div class=\"av-masonry-container isotope av-js-disabled\"><div class='av-masonry-entry isotope-item av-masonry-item-no-image '><\/div><a href=\"https:\/\/rsportbocce.com\/fr\/portfolio-articoli\/t-shirt\/\"  id='av-masonry-1-item-8424' data-av-masonry-item='8424' class='av-masonry-entry isotope-item post-8424 portfolio type-portfolio status-publish has-post-thumbnail hentry portfolio_entries-bocce-fr  av-masonry-item-with-image' title=\"RSport Bocce &#8211; Abbigliamento Tecnico per le Bocce\"   itemscope=\"itemscope\" itemtype=\"https:\/\/schema.org\/CreativeWork\" ><div class='av-inner-masonry-sizer'><\/div><figure class='av-inner-masonry main_color'><div class=\"av-masonry-outerimage-container\"><div class='av-masonry-image-container' style=\"background-image: url(https:\/\/rsportbocce.com\/wp-content\/uploads\/2021\/05\/WhatsApp-Image-2021-05-11-at-14.16.16-18.jpeg);\"  title=\"RSport Bocce &#8211; Abbigliamento Tecnico per le Bocce\"  ><\/div><\/div><figcaption class='av-inner-masonry-content site-background'><div class='av-inner-masonry-content-pos'><div class='av-inner-masonry-content-pos-content'><div class='avia-arrow'><\/div><h3 class='av-masonry-entry-title entry-title '  itemprop=\"headline\" >T-Shirt<\/h3><\/div><\/div><\/figcaption><\/figure><\/a><!--end av-masonry entry--><a href=\"https:\/\/rsportbocce.com\/fr\/portfolio-articoli\/pantalons-et-shorts\/\"  id='av-masonry-1-item-8491' data-av-masonry-item='8491' class='av-masonry-entry isotope-item post-8491 portfolio type-portfolio status-publish has-post-thumbnail hentry portfolio_entries-bocce-fr  av-masonry-item-with-image' title=\"RSport Bocce &#8211; Abbigliamento Tecnico per le Bocce\"   itemscope=\"itemscope\" itemtype=\"https:\/\/schema.org\/CreativeWork\" ><div class='av-inner-masonry-sizer'><\/div><figure class='av-inner-masonry main_color'><div class=\"av-masonry-outerimage-container\"><div class='av-masonry-image-container' style=\"background-image: url(https:\/\/rsportbocce.com\/wp-content\/uploads\/2023\/04\/francia3.jpg);\"  title=\"RSport Bocce &#8211; Abbigliamento Tecnico per le Bocce\"  ><\/div><\/div><figcaption class='av-inner-masonry-content site-background'><div class='av-inner-masonry-content-pos'><div class='av-inner-masonry-content-pos-content'><div class='avia-arrow'><\/div><h3 class='av-masonry-entry-title entry-title '  itemprop=\"headline\" >Pantalons et Shorts<\/h3><\/div><\/div><\/figcaption><\/figure><\/a><!--end av-masonry entry--><a href=\"https:\/\/rsportbocce.com\/fr\/portfolio-articoli\/sweatshirts\/\"  id='av-masonry-1-item-8492' data-av-masonry-item='8492' class='av-masonry-entry isotope-item post-8492 portfolio type-portfolio status-publish has-post-thumbnail hentry portfolio_entries-bocce-fr  av-masonry-item-with-image' title=\"RSport Bocce &#8211; Abbigliamento Tecnico per le Bocce\"   itemscope=\"itemscope\" itemtype=\"https:\/\/schema.org\/CreativeWork\" ><div class='av-inner-masonry-sizer'><\/div><figure class='av-inner-masonry main_color'><div class=\"av-masonry-outerimage-container\"><div class='av-masonry-image-container' style=\"background-image: url(https:\/\/rsportbocce.com\/wp-content\/uploads\/2022\/01\/WhatsApp-Image-2021-12-24-at-10.01.34-4.jpeg);\"  title=\"RSport Bocce &#8211; Abbigliamento Tecnico per le Bocce\"  ><\/div><\/div><figcaption class='av-inner-masonry-content site-background'><div class='av-inner-masonry-content-pos'><div class='av-inner-masonry-content-pos-content'><div class='avia-arrow'><\/div><h3 class='av-masonry-entry-title entry-title '  itemprop=\"headline\" >Sweatshirts<\/h3><\/div><\/div><\/figcaption><\/figure><\/a><!--end av-masonry entry--><a href=\"https:\/\/rsportbocce.com\/fr\/portfolio-articoli\/chaussures-et-chaussettes\/\"  id='av-masonry-1-item-8493' data-av-masonry-item='8493' class='av-masonry-entry isotope-item post-8493 portfolio type-portfolio status-publish has-post-thumbnail hentry portfolio_entries-bocce-fr  av-masonry-item-with-image' title=\"WhatsApp Image 2021-05-11 at 14.16.16 (3)\"   itemscope=\"itemscope\" itemtype=\"https:\/\/schema.org\/CreativeWork\" ><div class='av-inner-masonry-sizer'><\/div><figure class='av-inner-masonry main_color'><div class=\"av-masonry-outerimage-container\"><div class='av-masonry-image-container' style=\"background-image: url(https:\/\/rsportbocce.com\/wp-content\/uploads\/2021\/05\/WhatsApp-Image-2021-05-11-at-14.16.16-3.jpeg);\"  title=\"WhatsApp Image 2021-05-11 at 14.16.16 (3)\"  ><\/div><\/div><figcaption class='av-inner-masonry-content site-background'><div class='av-inner-masonry-content-pos'><div class='av-inner-masonry-content-pos-content'><div class='avia-arrow'><\/div><h3 class='av-masonry-entry-title entry-title '  itemprop=\"headline\" >Chaussures et chaussettes<\/h3><\/div><\/div><\/figcaption><\/figure><\/a><!--end av-masonry entry--><a href=\"https:\/\/rsportbocce.com\/fr\/portfolio-articoli\/sacs-et-sacs-a-dos\/\"  id='av-masonry-1-item-8494' data-av-masonry-item='8494' class='av-masonry-entry isotope-item post-8494 portfolio type-portfolio status-publish has-post-thumbnail hentry portfolio_entries-bocce-fr  av-masonry-item-with-image' title=\"1611675380381\"   itemscope=\"itemscope\" itemtype=\"https:\/\/schema.org\/CreativeWork\" ><div class='av-inner-masonry-sizer'><\/div><figure class='av-inner-masonry main_color'><div class=\"av-masonry-outerimage-container\"><div class='av-masonry-image-container' style=\"background-image: url(https:\/\/rsportbocce.com\/wp-content\/uploads\/2021\/01\/1611675380381.jpg);\"  title=\"1611675380381\"  ><\/div><\/div><figcaption class='av-inner-masonry-content site-background'><div class='av-inner-masonry-content-pos'><div class='av-inner-masonry-content-pos-content'><div class='avia-arrow'><\/div><h3 class='av-masonry-entry-title entry-title '  itemprop=\"headline\" >Sacs et sacs \u00e0 dos<\/h3><\/div><\/div><\/figcaption><\/figure><\/a><!--end av-masonry entry--><a href=\"https:\/\/rsportbocce.com\/fr\/portfolio-articoli\/boulettes\/\"  id='av-masonry-1-item-8496' data-av-masonry-item='8496' class='av-masonry-entry isotope-item post-8496 portfolio type-portfolio status-publish has-post-thumbnail hentry portfolio_entries-bocce-fr  av-masonry-item-with-image' title=\"WhatsApp Image 2021-09-14 at 18.23.59\"   itemscope=\"itemscope\" itemtype=\"https:\/\/schema.org\/CreativeWork\" ><div class='av-inner-masonry-sizer'><\/div><figure class='av-inner-masonry main_color'><div class=\"av-masonry-outerimage-container\"><div class='av-masonry-image-container' style=\"background-image: url(https:\/\/rsportbocce.com\/wp-content\/uploads\/2021\/09\/WhatsApp-Image-2021-09-14-at-18.23.59.jpeg);\"  title=\"WhatsApp Image 2021-09-14 at 18.23.59\"  ><\/div><\/div><figcaption class='av-inner-masonry-content site-background'><div class='av-inner-masonry-content-pos'><div class='av-inner-masonry-content-pos-content'><div class='avia-arrow'><\/div><h3 class='av-masonry-entry-title entry-title '  itemprop=\"headline\" >BOULETTES<\/h3><\/div><\/div><\/figcaption><\/figure><\/a><!--end av-masonry entry--><\/div><\/div>\n","protected":false},"excerpt":{"rendered":"Raffa. RSport Boules est capable de personnaliser \u00e0 100% tous les v\u00eatements techniques avec : choix des mati\u00e8res, configuration graphique, taille, couleurs, textes, logos. D\u00e9couvrez les produits RSport. T-ShirtPantalons et ShortsSweatshirtsChaussures et chaussettesSacs et sacs \u00e0 dosBOULETTES","protected":false},"author":5,"featured_media":0,"parent":0,"menu_order":0,"comment_status":"closed","ping_status":"closed","template":"","meta":{"footnotes":""},"class_list":["post-8419","page","type-page","status-publish","hentry"],"yoast_head":"<!-- This site is optimized with the Yoast SEO plugin v25.5 - https:\/\/yoast.com\/wordpress\/plugins\/seo\/ -->\n<title>RAFFA - RSport Bocce<\/title>\n<meta name=\"robots\" content=\"index, follow, max-snippet:-1, max-image-preview:large, max-video-preview:-1\" \/>\n<link rel=\"canonical\" href=\"https:\/\/rsportbocce.com\/fr\/raffa\/\" \/>\n<meta property=\"og:locale\" content=\"fr_FR\" \/>\n<meta property=\"og:type\" content=\"article\" \/>\n<meta property=\"og:title\" content=\"RAFFA - RSport Bocce\" \/>\n<meta property=\"og:url\" content=\"https:\/\/rsportbocce.com\/fr\/raffa\/\" \/>\n<meta property=\"og:site_name\" content=\"RSport Bocce\" \/>\n<meta property=\"article:modified_time\" content=\"2023-05-31T11:51:28+00:00\" \/>\n<meta name=\"twitter:card\" content=\"summary_large_image\" \/>\n<meta name=\"twitter:label1\" content=\"Dur\u00e9e de lecture estim\u00e9e\" \/>\n\t<meta name=\"twitter:data1\" content=\"3 minutes\" \/>\n<script type=\"application\/ld+json\" class=\"yoast-schema-graph\">{\"@context\":\"https:\/\/schema.org\",\"@graph\":[{\"@type\":\"WebPage\",\"@id\":\"https:\/\/rsportbocce.com\/fr\/raffa\/\",\"url\":\"https:\/\/rsportbocce.com\/fr\/raffa\/\",\"name\":\"RAFFA - RSport Bocce\",\"isPartOf\":{\"@id\":\"https:\/\/rsportbocce.com\/it\/#website\"},\"datePublished\":\"2016-05-11T13:49:10+00:00\",\"dateModified\":\"2023-05-31T11:51:28+00:00\",\"breadcrumb\":{\"@id\":\"https:\/\/rsportbocce.com\/fr\/raffa\/#breadcrumb\"},\"inLanguage\":\"fr-FR\",\"potentialAction\":[{\"@type\":\"ReadAction\",\"target\":[\"https:\/\/rsportbocce.com\/fr\/raffa\/\"]}]},{\"@type\":\"BreadcrumbList\",\"@id\":\"https:\/\/rsportbocce.com\/fr\/raffa\/#breadcrumb\",\"itemListElement\":[{\"@type\":\"ListItem\",\"position\":1,\"name\":\"Home\",\"item\":\"https:\/\/rsportbocce.com\/it\/\"},{\"@type\":\"ListItem\",\"position\":2,\"name\":\"RAFFA\"}]},{\"@type\":\"WebSite\",\"@id\":\"https:\/\/rsportbocce.com\/it\/#website\",\"url\":\"https:\/\/rsportbocce.com\/it\/\",\"name\":\"RSport Bocce\",\"description\":\"Tutto per le bocce\",\"potentialAction\":[{\"@type\":\"SearchAction\",\"target\":{\"@type\":\"EntryPoint\",\"urlTemplate\":\"https:\/\/rsportbocce.com\/it\/?s={search_term_string}\"},\"query-input\":{\"@type\":\"PropertyValueSpecification\",\"valueRequired\":true,\"valueName\":\"search_term_string\"}}],\"inLanguage\":\"fr-FR\"}]}<\/script>\n<!-- \/ Yoast SEO plugin. -->","yoast_head_json":{"title":"RAFFA - RSport Bocce","robots":{"index":"index","follow":"follow","max-snippet":"max-snippet:-1","max-image-preview":"max-image-preview:large","max-video-preview":"max-video-preview:-1"},"canonical":"https:\/\/rsportbocce.com\/fr\/raffa\/","og_locale":"fr_FR","og_type":"article","og_title":"RAFFA - RSport Bocce","og_url":"https:\/\/rsportbocce.com\/fr\/raffa\/","og_site_name":"RSport Bocce","article_modified_time":"2023-05-31T11:51:28+00:00","twitter_card":"summary_large_image","twitter_misc":{"Dur\u00e9e de lecture estim\u00e9e":"3 minutes"},"schema":{"@context":"https:\/\/schema.org","@graph":[{"@type":"WebPage","@id":"https:\/\/rsportbocce.com\/fr\/raffa\/","url":"https:\/\/rsportbocce.com\/fr\/raffa\/","name":"RAFFA - RSport Bocce","isPartOf":{"@id":"https:\/\/rsportbocce.com\/it\/#website"},"datePublished":"2016-05-11T13:49:10+00:00","dateModified":"2023-05-31T11:51:28+00:00","breadcrumb":{"@id":"https:\/\/rsportbocce.com\/fr\/raffa\/#breadcrumb"},"inLanguage":"fr-FR","potentialAction":[{"@type":"ReadAction","target":["https:\/\/rsportbocce.com\/fr\/raffa\/"]}]},{"@type":"BreadcrumbList","@id":"https:\/\/rsportbocce.com\/fr\/raffa\/#breadcrumb","itemListElement":[{"@type":"ListItem","position":1,"name":"Home","item":"https:\/\/rsportbocce.com\/it\/"},{"@type":"ListItem","position":2,"name":"RAFFA"}]},{"@type":"WebSite","@id":"https:\/\/rsportbocce.com\/it\/#website","url":"https:\/\/rsportbocce.com\/it\/","name":"RSport Bocce","description":"Tutto per le bocce","potentialAction":[{"@type":"SearchAction","target":{"@type":"EntryPoint","urlTemplate":"https:\/\/rsportbocce.com\/it\/?s={search_term_string}"},"query-input":{"@type":"PropertyValueSpecification","valueRequired":true,"valueName":"search_term_string"}}],"inLanguage":"fr-FR"}]}},"_links":{"self":[{"href":"https:\/\/rsportbocce.com\/fr\/wp-json\/wp\/v2\/pages\/8419","targetHints":{"allow":["GET"]}}],"collection":[{"href":"https:\/\/rsportbocce.com\/fr\/wp-json\/wp\/v2\/pages"}],"about":[{"href":"https:\/\/rsportbocce.com\/fr\/wp-json\/wp\/v2\/types\/page"}],"author":[{"embeddable":true,"href":"https:\/\/rsportbocce.com\/fr\/wp-json\/wp\/v2\/users\/5"}],"replies":[{"embeddable":true,"href":"https:\/\/rsportbocce.com\/fr\/wp-json\/wp\/v2\/comments?post=8419"}],"version-history":[{"count":4,"href":"https:\/\/rsportbocce.com\/fr\/wp-json\/wp\/v2\/pages\/8419\/revisions"}],"predecessor-version":[{"id":8933,"href":"https:\/\/rsportbocce.com\/fr\/wp-json\/wp\/v2\/pages\/8419\/revisions\/8933"}],"wp:attachment":[{"href":"https:\/\/rsportbocce.com\/fr\/wp-json\/wp\/v2\/media?parent=8419"}],"curies":[{"name":"wp","href":"https:\/\/api.w.org\/{rel}","templated":true}]}}