{"id":8461,"date":"2023-05-12T15:59:58","date_gmt":"2023-05-12T13:59:58","guid":{"rendered":"https:\/\/rsportbocce.com\/new\/volo\/"},"modified":"2023-05-27T11:41:27","modified_gmt":"2023-05-27T09:41:27","slug":"vol","status":"publish","type":"page","link":"https:\/\/rsportbocce.com\/fr\/vol\/","title":{"rendered":"VOL"},"content":{"rendered":"<div id='av_section_1'  class='avia-section av-4xl6pv-88da8e89202013683efe495d27810a6a main_color avia-section-large avia-no-border-styling  avia-builder-el-0  el_before_av_section  avia-builder-el-first  avia-bg-style-scroll container_wrap sidebar_right'  ><div class='container av-section-cont-open' ><main  role=\"main\" itemprop=\"mainContentOfPage\"  class='template-page content  av-content-small alpha units'><div class='post-entry post-entry-type-page post-entry-8461'><div class='entry-content-wrapper clearfix'>\n\n<style type=\"text\/css\" data-created_by=\"avia_inline_auto\" id=\"style-css-av-4rfzr7-09e44530e253619d5cd0f8581aa92bac\">\n#top .av-special-heading.av-4rfzr7-09e44530e253619d5cd0f8581aa92bac{\npadding-bottom:30px;\nfont-size:70px;\n}\nbody .av-special-heading.av-4rfzr7-09e44530e253619d5cd0f8581aa92bac .av-special-heading-tag .heading-char{\nfont-size:25px;\n}\n#top #wrap_all .av-special-heading.av-4rfzr7-09e44530e253619d5cd0f8581aa92bac .av-special-heading-tag{\nfont-size:70px;\n}\n.av-special-heading.av-4rfzr7-09e44530e253619d5cd0f8581aa92bac .av-subheading{\nfont-size:15px;\n}\n\n@media only screen and (min-width: 480px) and (max-width: 767px){ \n#top #wrap_all .av-special-heading.av-4rfzr7-09e44530e253619d5cd0f8581aa92bac .av-special-heading-tag{\nfont-size:0.8em;\n}\n}\n\n@media only screen and (max-width: 479px){ \n#top #wrap_all .av-special-heading.av-4rfzr7-09e44530e253619d5cd0f8581aa92bac .av-special-heading-tag{\nfont-size:0.8em;\n}\n}\n<\/style>\n<div  class='av-special-heading av-4rfzr7-09e44530e253619d5cd0f8581aa92bac av-special-heading-h1 blockquote modern-quote  avia-builder-el-1  el_before_av_one_half  avia-builder-el-first  av-thin-font av-inherit-size'><h1 class='av-special-heading-tag'  itemprop=\"headline\"  >Vol<strong>.<\/strong><\/h1><div class=\"special-heading-border\"><div class=\"special-heading-inner-border\"><\/div><\/div><\/div>\n\n<style type=\"text\/css\" data-created_by=\"avia_inline_auto\" id=\"style-css-av-4jarff-be5e5ff58537b0c8a5c12fa1d96828d9\">\n.flex_column.av-4jarff-be5e5ff58537b0c8a5c12fa1d96828d9{\n-webkit-border-radius:0px 0px 0px 0px;\n-moz-border-radius:0px 0px 0px 0px;\nborder-radius:0px 0px 0px 0px;\npadding:0px 0px 0px 0px;\n}\n<\/style>\n<div  class='flex_column av-4jarff-be5e5ff58537b0c8a5c12fa1d96828d9 av_one_half  avia-builder-el-2  el_after_av_heading  el_before_av_one_half  first flex_column_div av-zero-column-padding  '     ><section  class='av_textblock_section av-4dndo3-9cf8b516bb710e8a4a87a3b39958cdf3 '   itemscope=\"itemscope\" itemtype=\"https:\/\/schema.org\/CreativeWork\" ><div class='avia_textblock'  itemprop=\"text\" ><p>C&rsquo;est la sp\u00e9cialit\u00e9 du nord de l&rsquo;Italie et est consid\u00e9r\u00e9e, entre autres, comme la plus \u00ab\u00a0sportive\u00a0\u00bb et la plus moderne en raison des tests techniques et rapides. La sp\u00e9cialit\u00e9 traditionnelle du FLIGHT consiste \u00e0 rapprocher au maximum les boules de la bille blanche ou \u00e0 rejeter les boules adverses ou la bille blanche en lan\u00e7ant la boule en parabole.<\/p>\n<\/div><\/section><br \/>\n\n<style type=\"text\/css\" data-created_by=\"avia_inline_auto\" id=\"style-css-av-eyp57-a164698ea472d37bc3b6bbddb5e11b8c\">\n#top .hr.hr-invisible.av-eyp57-a164698ea472d37bc3b6bbddb5e11b8c{\nheight:30px;\n}\n<\/style>\n<div  class='hr av-eyp57-a164698ea472d37bc3b6bbddb5e11b8c hr-invisible  avia-builder-el-4  el_after_av_textblock  avia-builder-el-last '><span class='hr-inner '><span class=\"hr-inner-style\"><\/span><\/span><\/div><\/div>\n<style type=\"text\/css\" data-created_by=\"avia_inline_auto\" id=\"style-css-av-dsk63-fb30713cebf07307910ce0e7857dbdb5\">\n.flex_column.av-dsk63-fb30713cebf07307910ce0e7857dbdb5{\n-webkit-border-radius:0px 0px 0px 0px;\n-moz-border-radius:0px 0px 0px 0px;\nborder-radius:0px 0px 0px 0px;\npadding:0px 0px 0px 0px;\n}\n<\/style>\n<div  class='flex_column av-dsk63-fb30713cebf07307910ce0e7857dbdb5 av_one_half  avia-builder-el-5  el_after_av_one_half  avia-builder-el-last  flex_column_div av-zero-column-padding  '     ><section  class='av_textblock_section av-3owr63-eebe7929e67d9d5c6799b3c2d7cbb9aa '   itemscope=\"itemscope\" itemtype=\"https:\/\/schema.org\/CreativeWork\" ><div class='avia_textblock'  itemprop=\"text\" ><p><strong>RSport Bocce<\/strong> est capable de personnaliser \u00e0 100% tous les v\u00eatements techniques avec : choix des mati\u00e8res, configuration graphique, taille, couleurs, textes, logos.<\/p>\n<\/div><\/section><br \/>\n\n<style type=\"text\/css\" data-created_by=\"avia_inline_auto\" id=\"style-css-av-3k0p7f-58b90673f0511834c7c7c39ecdc02647\">\n#top .hr.hr-invisible.av-3k0p7f-58b90673f0511834c7c7c39ecdc02647{\nheight:30px;\n}\n<\/style>\n<div  class='hr av-3k0p7f-58b90673f0511834c7c7c39ecdc02647 hr-invisible  avia-builder-el-7  el_after_av_textblock  avia-builder-el-last '><span class='hr-inner '><span class=\"hr-inner-style\"><\/span><\/span><\/div><\/div><\/div><\/div><\/main><!-- close content main element --><\/div><\/div>\n<style type=\"text\/css\" data-created_by=\"avia_inline_auto\" id=\"style-css-av-lhkmfjl8-cf1800fbe8ddc98ab66a84f59daaf563\">\n.avia-section.av-lhkmfjl8-cf1800fbe8ddc98ab66a84f59daaf563{\nbackground-color:#191919;\nbackground-image:unset;\n}\n<\/style>\n<div id='av_section_2'  class='avia-section av-lhkmfjl8-cf1800fbe8ddc98ab66a84f59daaf563 alternate_color avia-section-large avia-no-border-styling  avia-builder-el-8  el_after_av_section  el_before_av_masonry_entries  avia-bg-style-fixed container_wrap sidebar_right'  ><div class='container av-section-cont-open' ><div class='template-page content  av-content-small alpha units'><div class='post-entry post-entry-type-page post-entry-8461'><div class='entry-content-wrapper clearfix'>\n\n<style type=\"text\/css\" data-created_by=\"avia_inline_auto\" id=\"style-css-av-jksb7-eeda02cfd866988272a94a9475f82b00\">\n.flex_column.av-jksb7-eeda02cfd866988272a94a9475f82b00{\n-webkit-border-radius:0px 0px 0px 0px;\n-moz-border-radius:0px 0px 0px 0px;\nborder-radius:0px 0px 0px 0px;\npadding:0px 0px 0px 0px;\n}\n<\/style>\n<div  class='flex_column av-jksb7-eeda02cfd866988272a94a9475f82b00 av_one_fifth  avia-builder-el-9  el_before_av_three_fifth  avia-builder-el-first  first flex_column_div av-zero-column-padding  '     ><\/div>\n<style type=\"text\/css\" data-created_by=\"avia_inline_auto\" id=\"style-css-av-hdxkr-7806b407f7872d55dfddb7f2c347e80d\">\n.flex_column.av-hdxkr-7806b407f7872d55dfddb7f2c347e80d{\n-webkit-border-radius:0px 0px 0px 0px;\n-moz-border-radius:0px 0px 0px 0px;\nborder-radius:0px 0px 0px 0px;\npadding:0px 0px 0px 0px;\n}\n<\/style>\n<div  class='flex_column av-hdxkr-7806b407f7872d55dfddb7f2c347e80d av_three_fifth  avia-builder-el-10  el_after_av_one_fifth  el_before_av_one_fifth  flex_column_div av-zero-column-padding  '     ><style type=\"text\/css\" data-created_by=\"avia_inline_auto\" id=\"style-css-av-lhkmf2tw-c62ee957f74194eb56a378cf6e50c124\">\n#top .av-special-heading.av-lhkmf2tw-c62ee957f74194eb56a378cf6e50c124{\nfont-size:50px;\n}\nbody .av-special-heading.av-lhkmf2tw-c62ee957f74194eb56a378cf6e50c124 .av-special-heading-tag .heading-char{\nfont-size:25px;\n}\n#top #wrap_all .av-special-heading.av-lhkmf2tw-c62ee957f74194eb56a378cf6e50c124 .av-special-heading-tag{\nfont-size:50px;\n}\n.av-special-heading.av-lhkmf2tw-c62ee957f74194eb56a378cf6e50c124 .av-subheading{\nfont-size:15px;\n}\n\n@media only screen and (min-width: 480px) and (max-width: 767px){ \n#top #wrap_all .av-special-heading.av-lhkmf2tw-c62ee957f74194eb56a378cf6e50c124 .av-special-heading-tag{\nfont-size:0.8em;\n}\n}\n\n@media only screen and (max-width: 479px){ \n#top #wrap_all .av-special-heading.av-lhkmf2tw-c62ee957f74194eb56a378cf6e50c124 .av-special-heading-tag{\nfont-size:0.8em;\n}\n}\n<\/style>\n<div  class='av-special-heading av-lhkmf2tw-c62ee957f74194eb56a378cf6e50c124 av-special-heading-h1 blockquote modern-quote modern-centered  avia-builder-el-11  avia-builder-el-no-sibling  av-thin-font av-inherit-size'><h1 class='av-special-heading-tag'  itemprop=\"headline\"  >D\u00e9couvrez les produits <strong>RSport.<\/strong><\/h1><div class=\"special-heading-border\"><div class=\"special-heading-inner-border\"><\/div><\/div><\/div><\/div>\n<style type=\"text\/css\" data-created_by=\"avia_inline_auto\" id=\"style-css-av-9pdk3-fcefaba3585b5cd8d988714cf6f9cef8\">\n.flex_column.av-9pdk3-fcefaba3585b5cd8d988714cf6f9cef8{\n-webkit-border-radius:0px 0px 0px 0px;\n-moz-border-radius:0px 0px 0px 0px;\nborder-radius:0px 0px 0px 0px;\npadding:0px 0px 0px 0px;\n}\n<\/style>\n<div  class='flex_column av-9pdk3-fcefaba3585b5cd8d988714cf6f9cef8 av_one_fifth  avia-builder-el-12  el_after_av_three_fifth  avia-builder-el-last  flex_column_div av-zero-column-padding  '     ><\/div>\n<style type=\"text\/css\" data-created_by=\"avia_inline_auto\" id=\"style-css-av-pilv-92c6ea6e79790116b755cdf8ab2f5351\">\n#top .av-masonry.av-pilv-92c6ea6e79790116b755cdf8ab2f5351{\nbackground-color:#191919;\n}\n<\/style>\n<div id='av-masonry-1' class='av-masonry av-pilv-92c6ea6e79790116b755cdf8ab2f5351 noHover av-fixed-size av-large-gap av-hover-overlay-active av-masonry-animation-active av-masonry-col-3 av-caption-on-hover-hide av-caption-style-overlay av-masonry-entries ' data-post_id=\"8461\"><div class=\"av-masonry-container isotope av-js-disabled\"><div class='av-masonry-entry isotope-item av-masonry-item-no-image '><\/div><a href=\"https:\/\/rsportbocce.com\/fr\/portfolio-articoli\/t-shirt\/\"  id='av-masonry-1-item-8424' data-av-masonry-item='8424' class='av-masonry-entry isotope-item post-8424 portfolio type-portfolio status-publish has-post-thumbnail hentry portfolio_entries-bocce-fr  av-masonry-item-with-image' title=\"RSport Bocce &#8211; Abbigliamento Tecnico per le Bocce\"   itemscope=\"itemscope\" itemtype=\"https:\/\/schema.org\/CreativeWork\" ><div class='av-inner-masonry-sizer'><\/div><figure class='av-inner-masonry main_color'><div class=\"av-masonry-outerimage-container\"><div class='av-masonry-image-container' style=\"background-image: url(https:\/\/rsportbocce.com\/wp-content\/uploads\/2021\/05\/WhatsApp-Image-2021-05-11-at-14.16.16-18.jpeg);\"  title=\"RSport Bocce &#8211; Abbigliamento Tecnico per le Bocce\"  ><\/div><\/div><figcaption class='av-inner-masonry-content site-background'><div class='av-inner-masonry-content-pos'><div class='av-inner-masonry-content-pos-content'><div class='avia-arrow'><\/div><h3 class='av-masonry-entry-title entry-title '  itemprop=\"headline\" >T-Shirt<\/h3><\/div><\/div><\/figcaption><\/figure><\/a><!--end av-masonry entry--><a href=\"https:\/\/rsportbocce.com\/fr\/portfolio-articoli\/pantalons-et-shorts\/\"  id='av-masonry-1-item-8491' data-av-masonry-item='8491' class='av-masonry-entry isotope-item post-8491 portfolio type-portfolio status-publish has-post-thumbnail hentry portfolio_entries-bocce-fr  av-masonry-item-with-image' title=\"RSport Bocce &#8211; Abbigliamento Tecnico per le Bocce\"   itemscope=\"itemscope\" itemtype=\"https:\/\/schema.org\/CreativeWork\" ><div class='av-inner-masonry-sizer'><\/div><figure class='av-inner-masonry main_color'><div class=\"av-masonry-outerimage-container\"><div class='av-masonry-image-container' style=\"background-image: url(https:\/\/rsportbocce.com\/wp-content\/uploads\/2023\/04\/francia3.jpg);\"  title=\"RSport Bocce &#8211; Abbigliamento Tecnico per le Bocce\"  ><\/div><\/div><figcaption class='av-inner-masonry-content site-background'><div class='av-inner-masonry-content-pos'><div class='av-inner-masonry-content-pos-content'><div class='avia-arrow'><\/div><h3 class='av-masonry-entry-title entry-title '  itemprop=\"headline\" >Pantalons et Shorts<\/h3><\/div><\/div><\/figcaption><\/figure><\/a><!--end av-masonry entry--><a href=\"https:\/\/rsportbocce.com\/fr\/portfolio-articoli\/sweatshirts\/\"  id='av-masonry-1-item-8492' data-av-masonry-item='8492' class='av-masonry-entry isotope-item post-8492 portfolio type-portfolio status-publish has-post-thumbnail hentry portfolio_entries-bocce-fr  av-masonry-item-with-image' title=\"RSport Bocce &#8211; Abbigliamento Tecnico per le Bocce\"   itemscope=\"itemscope\" itemtype=\"https:\/\/schema.org\/CreativeWork\" ><div class='av-inner-masonry-sizer'><\/div><figure class='av-inner-masonry main_color'><div class=\"av-masonry-outerimage-container\"><div class='av-masonry-image-container' style=\"background-image: url(https:\/\/rsportbocce.com\/wp-content\/uploads\/2022\/01\/WhatsApp-Image-2021-12-24-at-10.01.34-4.jpeg);\"  title=\"RSport Bocce &#8211; Abbigliamento Tecnico per le Bocce\"  ><\/div><\/div><figcaption class='av-inner-masonry-content site-background'><div class='av-inner-masonry-content-pos'><div class='av-inner-masonry-content-pos-content'><div class='avia-arrow'><\/div><h3 class='av-masonry-entry-title entry-title '  itemprop=\"headline\" >Sweatshirts<\/h3><\/div><\/div><\/figcaption><\/figure><\/a><!--end av-masonry entry--><a href=\"https:\/\/rsportbocce.com\/fr\/portfolio-articoli\/chaussures-et-chaussettes\/\"  id='av-masonry-1-item-8493' data-av-masonry-item='8493' class='av-masonry-entry isotope-item post-8493 portfolio type-portfolio status-publish has-post-thumbnail hentry portfolio_entries-bocce-fr  av-masonry-item-with-image' title=\"WhatsApp Image 2021-05-11 at 14.16.16 (3)\"   itemscope=\"itemscope\" itemtype=\"https:\/\/schema.org\/CreativeWork\" ><div class='av-inner-masonry-sizer'><\/div><figure class='av-inner-masonry main_color'><div class=\"av-masonry-outerimage-container\"><div class='av-masonry-image-container' style=\"background-image: url(https:\/\/rsportbocce.com\/wp-content\/uploads\/2021\/05\/WhatsApp-Image-2021-05-11-at-14.16.16-3.jpeg);\"  title=\"WhatsApp Image 2021-05-11 at 14.16.16 (3)\"  ><\/div><\/div><figcaption class='av-inner-masonry-content site-background'><div class='av-inner-masonry-content-pos'><div class='av-inner-masonry-content-pos-content'><div class='avia-arrow'><\/div><h3 class='av-masonry-entry-title entry-title '  itemprop=\"headline\" >Chaussures et chaussettes<\/h3><\/div><\/div><\/figcaption><\/figure><\/a><!--end av-masonry entry--><a href=\"https:\/\/rsportbocce.com\/fr\/portfolio-articoli\/sacs-et-sacs-a-dos\/\"  id='av-masonry-1-item-8494' data-av-masonry-item='8494' class='av-masonry-entry isotope-item post-8494 portfolio type-portfolio status-publish has-post-thumbnail hentry portfolio_entries-bocce-fr  av-masonry-item-with-image' title=\"1611675380381\"   itemscope=\"itemscope\" itemtype=\"https:\/\/schema.org\/CreativeWork\" ><div class='av-inner-masonry-sizer'><\/div><figure class='av-inner-masonry main_color'><div class=\"av-masonry-outerimage-container\"><div class='av-masonry-image-container' style=\"background-image: url(https:\/\/rsportbocce.com\/wp-content\/uploads\/2021\/01\/1611675380381.jpg);\"  title=\"1611675380381\"  ><\/div><\/div><figcaption class='av-inner-masonry-content site-background'><div class='av-inner-masonry-content-pos'><div class='av-inner-masonry-content-pos-content'><div class='avia-arrow'><\/div><h3 class='av-masonry-entry-title entry-title '  itemprop=\"headline\" >Sacs et sacs \u00e0 dos<\/h3><\/div><\/div><\/figcaption><\/figure><\/a><!--end av-masonry entry--><a href=\"https:\/\/rsportbocce.com\/fr\/portfolio-articoli\/boulettes\/\"  id='av-masonry-1-item-8496' data-av-masonry-item='8496' class='av-masonry-entry isotope-item post-8496 portfolio type-portfolio status-publish has-post-thumbnail hentry portfolio_entries-bocce-fr  av-masonry-item-with-image' title=\"WhatsApp Image 2021-09-14 at 18.23.59\"   itemscope=\"itemscope\" itemtype=\"https:\/\/schema.org\/CreativeWork\" ><div class='av-inner-masonry-sizer'><\/div><figure class='av-inner-masonry main_color'><div class=\"av-masonry-outerimage-container\"><div class='av-masonry-image-container' style=\"background-image: url(https:\/\/rsportbocce.com\/wp-content\/uploads\/2021\/09\/WhatsApp-Image-2021-09-14-at-18.23.59.jpeg);\"  title=\"WhatsApp Image 2021-09-14 at 18.23.59\"  ><\/div><\/div><figcaption class='av-inner-masonry-content site-background'><div class='av-inner-masonry-content-pos'><div class='av-inner-masonry-content-pos-content'><div class='avia-arrow'><\/div><h3 class='av-masonry-entry-title entry-title '  itemprop=\"headline\" >BOULETTES<\/h3><\/div><\/div><\/figcaption><\/figure><\/a><!--end av-masonry entry--><\/div><\/div>\n","protected":false},"excerpt":{"rendered":"Vol. C'est la sp\u00e9cialit\u00e9 du nord de l'Italie et est consid\u00e9r\u00e9e, entre autres, comme la plus \"sportive\" et la plus moderne en raison des tests techniques et rapides. La sp\u00e9cialit\u00e9 traditionnelle du FLIGHT consiste \u00e0 rapprocher au maximum les boules de la bille blanche ou \u00e0 rejeter les boules adverses ou la bille blanche en [...]","protected":false},"author":5,"featured_media":0,"parent":0,"menu_order":0,"comment_status":"closed","ping_status":"closed","template":"","meta":{"footnotes":""},"class_list":["post-8461","page","type-page","status-publish","hentry"],"yoast_head":"<!-- This site is optimized with the Yoast SEO plugin v25.5 - https:\/\/yoast.com\/wordpress\/plugins\/seo\/ -->\n<title>VOL - RSport Bocce<\/title>\n<meta name=\"robots\" content=\"index, follow, max-snippet:-1, max-image-preview:large, max-video-preview:-1\" \/>\n<link rel=\"canonical\" href=\"https:\/\/rsportbocce.com\/fr\/vol\/\" \/>\n<meta property=\"og:locale\" content=\"fr_FR\" \/>\n<meta property=\"og:type\" content=\"article\" \/>\n<meta property=\"og:title\" content=\"VOL - RSport Bocce\" \/>\n<meta property=\"og:url\" content=\"https:\/\/rsportbocce.com\/fr\/vol\/\" \/>\n<meta property=\"og:site_name\" content=\"RSport Bocce\" \/>\n<meta property=\"article:modified_time\" content=\"2023-05-27T09:41:27+00:00\" \/>\n<meta name=\"twitter:card\" content=\"summary_large_image\" \/>\n<meta name=\"twitter:label1\" content=\"Dur\u00e9e de lecture estim\u00e9e\" \/>\n\t<meta name=\"twitter:data1\" content=\"4 minutes\" \/>\n<script type=\"application\/ld+json\" class=\"yoast-schema-graph\">{\"@context\":\"https:\/\/schema.org\",\"@graph\":[{\"@type\":\"WebPage\",\"@id\":\"https:\/\/rsportbocce.com\/fr\/vol\/\",\"url\":\"https:\/\/rsportbocce.com\/fr\/vol\/\",\"name\":\"VOL - RSport Bocce\",\"isPartOf\":{\"@id\":\"https:\/\/rsportbocce.com\/it\/#website\"},\"datePublished\":\"2023-05-12T13:59:58+00:00\",\"dateModified\":\"2023-05-27T09:41:27+00:00\",\"breadcrumb\":{\"@id\":\"https:\/\/rsportbocce.com\/fr\/vol\/#breadcrumb\"},\"inLanguage\":\"fr-FR\",\"potentialAction\":[{\"@type\":\"ReadAction\",\"target\":[\"https:\/\/rsportbocce.com\/fr\/vol\/\"]}]},{\"@type\":\"BreadcrumbList\",\"@id\":\"https:\/\/rsportbocce.com\/fr\/vol\/#breadcrumb\",\"itemListElement\":[{\"@type\":\"ListItem\",\"position\":1,\"name\":\"Home\",\"item\":\"https:\/\/rsportbocce.com\/it\/\"},{\"@type\":\"ListItem\",\"position\":2,\"name\":\"VOL\"}]},{\"@type\":\"WebSite\",\"@id\":\"https:\/\/rsportbocce.com\/it\/#website\",\"url\":\"https:\/\/rsportbocce.com\/it\/\",\"name\":\"RSport Bocce\",\"description\":\"Tutto per le bocce\",\"potentialAction\":[{\"@type\":\"SearchAction\",\"target\":{\"@type\":\"EntryPoint\",\"urlTemplate\":\"https:\/\/rsportbocce.com\/it\/?s={search_term_string}\"},\"query-input\":{\"@type\":\"PropertyValueSpecification\",\"valueRequired\":true,\"valueName\":\"search_term_string\"}}],\"inLanguage\":\"fr-FR\"}]}<\/script>\n<!-- \/ Yoast SEO plugin. -->","yoast_head_json":{"title":"VOL - RSport Bocce","robots":{"index":"index","follow":"follow","max-snippet":"max-snippet:-1","max-image-preview":"max-image-preview:large","max-video-preview":"max-video-preview:-1"},"canonical":"https:\/\/rsportbocce.com\/fr\/vol\/","og_locale":"fr_FR","og_type":"article","og_title":"VOL - RSport Bocce","og_url":"https:\/\/rsportbocce.com\/fr\/vol\/","og_site_name":"RSport Bocce","article_modified_time":"2023-05-27T09:41:27+00:00","twitter_card":"summary_large_image","twitter_misc":{"Dur\u00e9e de lecture estim\u00e9e":"4 minutes"},"schema":{"@context":"https:\/\/schema.org","@graph":[{"@type":"WebPage","@id":"https:\/\/rsportbocce.com\/fr\/vol\/","url":"https:\/\/rsportbocce.com\/fr\/vol\/","name":"VOL - RSport Bocce","isPartOf":{"@id":"https:\/\/rsportbocce.com\/it\/#website"},"datePublished":"2023-05-12T13:59:58+00:00","dateModified":"2023-05-27T09:41:27+00:00","breadcrumb":{"@id":"https:\/\/rsportbocce.com\/fr\/vol\/#breadcrumb"},"inLanguage":"fr-FR","potentialAction":[{"@type":"ReadAction","target":["https:\/\/rsportbocce.com\/fr\/vol\/"]}]},{"@type":"BreadcrumbList","@id":"https:\/\/rsportbocce.com\/fr\/vol\/#breadcrumb","itemListElement":[{"@type":"ListItem","position":1,"name":"Home","item":"https:\/\/rsportbocce.com\/it\/"},{"@type":"ListItem","position":2,"name":"VOL"}]},{"@type":"WebSite","@id":"https:\/\/rsportbocce.com\/it\/#website","url":"https:\/\/rsportbocce.com\/it\/","name":"RSport Bocce","description":"Tutto per le bocce","potentialAction":[{"@type":"SearchAction","target":{"@type":"EntryPoint","urlTemplate":"https:\/\/rsportbocce.com\/it\/?s={search_term_string}"},"query-input":{"@type":"PropertyValueSpecification","valueRequired":true,"valueName":"search_term_string"}}],"inLanguage":"fr-FR"}]}},"_links":{"self":[{"href":"https:\/\/rsportbocce.com\/fr\/wp-json\/wp\/v2\/pages\/8461","targetHints":{"allow":["GET"]}}],"collection":[{"href":"https:\/\/rsportbocce.com\/fr\/wp-json\/wp\/v2\/pages"}],"about":[{"href":"https:\/\/rsportbocce.com\/fr\/wp-json\/wp\/v2\/types\/page"}],"author":[{"embeddable":true,"href":"https:\/\/rsportbocce.com\/fr\/wp-json\/wp\/v2\/users\/5"}],"replies":[{"embeddable":true,"href":"https:\/\/rsportbocce.com\/fr\/wp-json\/wp\/v2\/comments?post=8461"}],"version-history":[{"count":2,"href":"https:\/\/rsportbocce.com\/fr\/wp-json\/wp\/v2\/pages\/8461\/revisions"}],"predecessor-version":[{"id":8465,"href":"https:\/\/rsportbocce.com\/fr\/wp-json\/wp\/v2\/pages\/8461\/revisions\/8465"}],"wp:attachment":[{"href":"https:\/\/rsportbocce.com\/fr\/wp-json\/wp\/v2\/media?parent=8461"}],"curies":[{"name":"wp","href":"https:\/\/api.w.org\/{rel}","templated":true}]}}