{"id":8464,"date":"2016-05-11T13:48:44","date_gmt":"2016-05-11T11:48:44","guid":{"rendered":"https:\/\/rsportbocce.com\/new\/contatti\/"},"modified":"2023-06-22T13:53:06","modified_gmt":"2023-06-22T11:53:06","slug":"contacts","status":"publish","type":"page","link":"https:\/\/rsportbocce.com\/fr\/contacts\/","title":{"rendered":"Contacts"},"content":{"rendered":"<div id='av_section_1'  class='avia-section av-4ddvuh-fa26475e7beb338e6ed34ff1e451c930 main_color avia-section-large avia-no-border-styling  avia-builder-el-0  el_before_av_section  avia-builder-el-first  avia-bg-style-scroll container_wrap sidebar_right'  ><div class='container av-section-cont-open' ><main  role=\"main\" itemprop=\"mainContentOfPage\"  class='template-page content  av-content-small alpha units'><div class='post-entry post-entry-type-page post-entry-8464'><div class='entry-content-wrapper clearfix'>\n\n<style type=\"text\/css\" data-created_by=\"avia_inline_auto\" id=\"style-css-av-45inux-9681e1df658686d80004bf99fe5b0d62\">\n#top .av-special-heading.av-45inux-9681e1df658686d80004bf99fe5b0d62{\npadding-bottom:30px;\nfont-size:70px;\n}\nbody .av-special-heading.av-45inux-9681e1df658686d80004bf99fe5b0d62 .av-special-heading-tag .heading-char{\nfont-size:25px;\n}\n#top #wrap_all .av-special-heading.av-45inux-9681e1df658686d80004bf99fe5b0d62 .av-special-heading-tag{\nfont-size:70px;\n}\n.av-special-heading.av-45inux-9681e1df658686d80004bf99fe5b0d62 .av-subheading{\nfont-size:15px;\n}\n\n@media only screen and (min-width: 480px) and (max-width: 767px){ \n#top #wrap_all .av-special-heading.av-45inux-9681e1df658686d80004bf99fe5b0d62 .av-special-heading-tag{\nfont-size:0.8em;\n}\n}\n\n@media only screen and (max-width: 479px){ \n#top #wrap_all .av-special-heading.av-45inux-9681e1df658686d80004bf99fe5b0d62 .av-special-heading-tag{\nfont-size:0.8em;\n}\n}\n<\/style>\n<div  class='av-special-heading av-45inux-9681e1df658686d80004bf99fe5b0d62 av-special-heading-h1 blockquote modern-quote  avia-builder-el-1  el_before_av_one_half  avia-builder-el-first  av-thin-font av-inherit-size'><h1 class='av-special-heading-tag'  itemprop=\"headline\"  >Contacts<strong>.<\/strong><\/h1><div class=\"special-heading-border\"><div class=\"special-heading-inner-border\"><\/div><\/div><\/div>\n\n<style type=\"text\/css\" data-created_by=\"avia_inline_auto\" id=\"style-css-av-3zytex-5c366c14ae39c71fec915f06354d2917\">\n.flex_column.av-3zytex-5c366c14ae39c71fec915f06354d2917{\n-webkit-border-radius:0px 0px 0px 0px;\n-moz-border-radius:0px 0px 0px 0px;\nborder-radius:0px 0px 0px 0px;\npadding:0px 0px 0px 0px;\n}\n<\/style>\n<div  class='flex_column av-3zytex-5c366c14ae39c71fec915f06354d2917 av_one_half  avia-builder-el-2  el_after_av_heading  el_before_av_one_fourth  first flex_column_div av-zero-column-padding  '     ><section  class='av_textblock_section av-1cgdgp-5dfc061b51ed2453481780281aae2bfc '   itemscope=\"itemscope\" itemtype=\"https:\/\/schema.org\/CreativeWork\" ><div class='avia_textblock'  itemprop=\"text\" ><p>Remplissez le formulaire ci-dessous pour demander des informations, des devis et des curiosit\u00e9s.<br \/>\nNotre personnel vous r\u00e9pondra dans les 24 heures.<\/p>\n<\/div><\/section><br \/>\n<form action=\"https:\/\/rsportbocce.com\/fr\/contacts\/\" method=\"post\" data-fields-with-error=\"Found errors in the following field(s):\" class=\"avia_ajax_form av-form-labels-hidden   avia-builder-el-4  el_after_av_textblock  avia-builder-el-last  av-custom-form-color av-dark-form \" data-avia-form-id=\"1\" data-avia-redirect='' ><fieldset><p class='  first_form  form_element form_element_half' id='element_avia_1_1'><label for=\"avia_1_1\">Nome <abbr class=\"required\" title=\"requis(e)\">*<\/abbr><\/label> <input name=\"avia_1_1\" class=\"text_input is_empty\" type=\"text\" id=\"avia_1_1\" value=\"\"  placeholder='Nome*'\/><\/p><p class='  form_element form_element_half' id='element_avia_2_1'><label for=\"avia_2_1\">E-Mail <abbr class=\"required\" title=\"requis(e)\">*<\/abbr><\/label> <input name=\"avia_2_1\" class=\"text_input is_email\" type=\"text\" id=\"avia_2_1\" value=\"\"  placeholder='E-Mail*'\/><\/p><p class='  first_form  form_element form_fullwidth' id='element_avia_3_1'><label for=\"avia_3_1\">Oggetto <abbr class=\"required\" title=\"requis(e)\">*<\/abbr><\/label> <input name=\"avia_3_1\" class=\"text_input is_empty\" type=\"text\" id=\"avia_3_1\" value=\"\"  placeholder='Oggetto*'\/><\/p><p class='  first_form  form_element form_fullwidth' id='element_avia_4_1'><label for=\"avia_4_1\" class=\"textare_label hidden textare_label_avia_4_1\">Messaggio <abbr class=\"required\" title=\"requis(e)\">*<\/abbr><\/label><textarea  placeholder='Messaggio*' name=\"avia_4_1\" class=\"text_area is_empty\" cols=\"40\" rows=\"7\" id=\"avia_4_1\" ><\/textarea><\/p><p class=\"hidden\"><input type=\"text\" name=\"avia_5_1\" class=\"hidden \" id=\"avia_5_1\" value=\"\" \/><\/p><p class='   form_element form_fullwidth' id='element_avia_6_1'><span class='value_verifier_label'>1 + 0 = ?<\/span><input name=\"avia_6_1_verifier\" type=\"hidden\" id=\"avia_6_1_verifier\" value=\"227616544\"\/><label for=\"avia_6_1\">Merci de prouver que vous \u00eates un humain en donnant le r\u00e9sultat de cette op\u00e9ration <abbr class=\"required\" title=\"requis(e)\">*<\/abbr><\/label><input name=\"avia_6_1\" class=\"text_input captcha\" type=\"text\" id=\"avia_6_1\" value=\"\"\/><\/p><p class=\"form_element \"><input type=\"hidden\" value=\"1\" name=\"avia_generated_form1\" \/><input type=\"submit\" value=\"Invia\" class=\"button\"  data-sending-label=\"Envoi\"\/><\/p><\/fieldset><\/form><div id=\"ajaxresponse_1\" class=\"ajaxresponse ajaxresponse_1 hidden\"><\/div><\/div>\n<style type=\"text\/css\" data-created_by=\"avia_inline_auto\" id=\"style-css-av-3osqvl-2d7f79f53faaf75c81a966db7818b52b\">\n.flex_column.av-3osqvl-2d7f79f53faaf75c81a966db7818b52b{\n-webkit-border-radius:0px 0px 0px 0px;\n-moz-border-radius:0px 0px 0px 0px;\nborder-radius:0px 0px 0px 0px;\npadding:0px 0px 0px 0px;\n}\n<\/style>\n<div  class='flex_column av-3osqvl-2d7f79f53faaf75c81a966db7818b52b av_one_fourth  avia-builder-el-5  el_after_av_one_half  el_before_av_one_fourth  flex_column_div av-zero-column-padding  '     ><section  class='av_textblock_section av-3i5f4x-36aee1ce27c4d20b817aac1a7a5756c2 '   itemscope=\"itemscope\" itemtype=\"https:\/\/schema.org\/CreativeWork\" ><div class='avia_textblock'  itemprop=\"text\" ><p>RSPORT S.R.L.S<br \/>\nP.IVA 09388340961<\/p>\n<p>+39 392 097 0684<br \/>\n<a href=\"mailto:marco.rizzo@rsportbocce.com\">marco.rizzo@rsportbocce.com<\/a><\/p>\n<\/div><\/section><\/div>\n<style type=\"text\/css\" data-created_by=\"avia_inline_auto\" id=\"style-css-av-3dpi6x-56b9068f3b8dd6f54ccd46d6f4008f96\">\n.flex_column.av-3dpi6x-56b9068f3b8dd6f54ccd46d6f4008f96{\n-webkit-border-radius:0px 0px 0px 0px;\n-moz-border-radius:0px 0px 0px 0px;\nborder-radius:0px 0px 0px 0px;\npadding:0px 0px 0px 0px;\n}\n<\/style>\n<div  class='flex_column av-3dpi6x-56b9068f3b8dd6f54ccd46d6f4008f96 av_one_fourth  avia-builder-el-7  el_after_av_one_fourth  avia-builder-el-last  flex_column_div av-zero-column-padding  '     ><section  class='av_textblock_section av-38sp81-ef9dca474b3f44b89a45e7574d20cf23 '   itemscope=\"itemscope\" itemtype=\"https:\/\/schema.org\/CreativeWork\" ><div class='avia_textblock'  itemprop=\"text\" ><p><strong>HORAIRE D\u2019OUVERTURE:<\/strong><br \/>\nLun-ven: 08:00-18:30<br \/>\nSam: 08:00-12:30<br \/>\nDimanche ferm\u00e9<\/p>\n<\/div><\/section><\/div><\/div><\/div><\/main><!-- close content main element --><\/div><\/div>\n<style type=\"text\/css\" data-created_by=\"avia_inline_auto\" id=\"style-css-av-33w721-8f90f931ed0b633cf2c69e3d5099d338\">\n.avia-section.av-33w721-8f90f931ed0b633cf2c69e3d5099d338{\nbackground-repeat:no-repeat;\nbackground-image:url(https:\/\/rsportbocce.com\/wp-content\/uploads\/2023\/04\/mag9.jpg);\nbackground-position:50% 50%;\nbackground-attachment:fixed;\n}\n.avia-section.av-33w721-8f90f931ed0b633cf2c69e3d5099d338 .av-section-color-overlay{\nopacity:0.8;\nbackground-color:#000000;\n}\n<\/style>\n<div id='av_section_2'  class='avia-section av-33w721-8f90f931ed0b633cf2c69e3d5099d338 alternate_color avia-section-huge avia-no-border-styling  avia-builder-el-9  el_after_av_section  avia-builder-el-last  avia-full-stretch avia-bg-style-fixed av-section-color-overlay-active container_wrap sidebar_right'  data-section-bg-repeat='stretch'><div class=\"av-section-color-overlay-wrap\"><div class=\"av-section-color-overlay\"><\/div><div class='container av-section-cont-open' ><div class='template-page content  av-content-small alpha units'><div class='post-entry post-entry-type-page post-entry-8464'><div class='entry-content-wrapper clearfix'>\n\n<style type=\"text\/css\" data-created_by=\"avia_inline_auto\" id=\"style-css-av-1leznt-864950d201941e2b6be3cee67e544b41\">\n#top .av-special-heading.av-1leznt-864950d201941e2b6be3cee67e544b41{\npadding-bottom:50px;\nfont-size:50px;\n}\nbody .av-special-heading.av-1leznt-864950d201941e2b6be3cee67e544b41 .av-special-heading-tag .heading-char{\nfont-size:25px;\n}\n#top #wrap_all .av-special-heading.av-1leznt-864950d201941e2b6be3cee67e544b41 .av-special-heading-tag{\nfont-size:50px;\n}\n.av-special-heading.av-1leznt-864950d201941e2b6be3cee67e544b41 .av-subheading{\nfont-size:15px;\n}\n\n@media only screen and (min-width: 480px) and (max-width: 767px){ \n#top #wrap_all .av-special-heading.av-1leznt-864950d201941e2b6be3cee67e544b41 .av-special-heading-tag{\nfont-size:0.8em;\n}\n}\n\n@media only screen and (max-width: 479px){ \n#top #wrap_all .av-special-heading.av-1leznt-864950d201941e2b6be3cee67e544b41 .av-special-heading-tag{\nfont-size:0.8em;\n}\n}\n<\/style>\n<div  class='av-special-heading av-1leznt-864950d201941e2b6be3cee67e544b41 av-special-heading-h1 blockquote modern-quote modern-centered  avia-builder-el-10  el_before_av_one_third  avia-builder-el-first  av-thin-font av-inherit-size'><h1 class='av-special-heading-tag'  itemprop=\"headline\"  >Concessionnaires<strong>&#8230;<\/strong><\/h1><div class=\"special-heading-border\"><div class=\"special-heading-inner-border\"><\/div><\/div><\/div>\n\n<style type=\"text\/css\" data-created_by=\"avia_inline_auto\" id=\"style-css-av-1orfb5-36446599006682768b5d31c4996373a7\">\n.flex_column.av-1orfb5-36446599006682768b5d31c4996373a7{\n-webkit-border-radius:0px 0px 0px 0px;\n-moz-border-radius:0px 0px 0px 0px;\nborder-radius:0px 0px 0px 0px;\npadding:0px 0px 0px 0px;\n}\n<\/style>\n<div  class='flex_column av-1orfb5-36446599006682768b5d31c4996373a7 av_one_third  avia-builder-el-11  el_after_av_heading  el_before_av_one_third  first flex_column_div av-zero-column-padding  '     ><style type=\"text\/css\" data-created_by=\"avia_inline_auto\" id=\"style-css-av-1hk3nt-f88b5bef355ac7365342502f47a63892\">\n#top .av_textblock_section.av-1hk3nt-f88b5bef355ac7365342502f47a63892 .avia_textblock{\ncolor:#ffffff;\n}\n<\/style>\n<section  class='av_textblock_section av-1hk3nt-f88b5bef355ac7365342502f47a63892 '   itemscope=\"itemscope\" itemtype=\"https:\/\/schema.org\/CreativeWork\" ><div class='avia_textblock av_inherit_color'  itemprop=\"text\" ><p><strong>CAMPANIA<\/strong><br \/>\nFuscosport<\/p>\n<p>Via saviano 45 Nola \u2013 Napoli<br \/>\nTel 0818291094<br \/>\nEmail fuscosport@libero.it<\/p>\n<\/div><\/section><\/div>\n<style type=\"text\/css\" data-created_by=\"avia_inline_auto\" id=\"style-css-av-zp2qp-52cba1faafdcbc155866289b47d57cdd\">\n.flex_column.av-zp2qp-52cba1faafdcbc155866289b47d57cdd{\n-webkit-border-radius:0px 0px 0px 0px;\n-moz-border-radius:0px 0px 0px 0px;\nborder-radius:0px 0px 0px 0px;\npadding:0px 0px 0px 0px;\n}\n<\/style>\n<div  class='flex_column av-zp2qp-52cba1faafdcbc155866289b47d57cdd av_one_third  avia-builder-el-13  el_after_av_one_third  el_before_av_one_third  flex_column_div av-zero-column-padding  '     ><style type=\"text\/css\" data-created_by=\"avia_inline_auto\" id=\"style-css-av-lhklrnx8-b7064f2696578cc540198b736fb63321\">\n#top .av_textblock_section.av-lhklrnx8-b7064f2696578cc540198b736fb63321 .avia_textblock{\ncolor:#ffffff;\n}\n<\/style>\n<section  class='av_textblock_section av-lhklrnx8-b7064f2696578cc540198b736fb63321 '   itemscope=\"itemscope\" itemtype=\"https:\/\/schema.org\/CreativeWork\" ><div class='avia_textblock av_inherit_color'  itemprop=\"text\" ><p><strong>CALABRIA<\/strong><br \/>\nAntonio Veloce<\/p>\n<p>Tel 320.3855733<br \/>\nEmail antonioveloce1@libero.it<\/p>\n<\/div><\/section><\/div>\n<style type=\"text\/css\" data-created_by=\"avia_inline_auto\" id=\"style-css-av-q2tgp-161346d2772650e37a8f4fce39a6f540\">\n.flex_column.av-q2tgp-161346d2772650e37a8f4fce39a6f540{\n-webkit-border-radius:0px 0px 0px 0px;\n-moz-border-radius:0px 0px 0px 0px;\nborder-radius:0px 0px 0px 0px;\npadding:0px 0px 0px 0px;\n}\n<\/style>\n<div  class='flex_column av-q2tgp-161346d2772650e37a8f4fce39a6f540 av_one_third  avia-builder-el-15  el_after_av_one_third  el_before_av_one_third  flex_column_div av-zero-column-padding  '     ><style type=\"text\/css\" data-created_by=\"avia_inline_auto\" id=\"style-css-av-lhklrvyq-28e55c9a748ee6efc11966d76f073074\">\n#top .av_textblock_section.av-lhklrvyq-28e55c9a748ee6efc11966d76f073074 .avia_textblock{\ncolor:#ffffff;\n}\n<\/style>\n<section  class='av_textblock_section av-lhklrvyq-28e55c9a748ee6efc11966d76f073074 '   itemscope=\"itemscope\" itemtype=\"https:\/\/schema.org\/CreativeWork\" ><div class='avia_textblock av_inherit_color'  itemprop=\"text\" ><p><strong>MARCHE E ABRUZZO<\/strong><br \/>\nVigoni Luca<\/p>\n<p>+39 370 3379776<\/p>\n<\/div><\/section><\/div>\n<style type=\"text\/css\" data-created_by=\"avia_inline_auto\" id=\"style-css-av-kl8t5-66d2d640284e52c01884dbc295e99507\">\n.flex_column.av-kl8t5-66d2d640284e52c01884dbc295e99507{\n-webkit-border-radius:0px 0px 0px 0px;\n-moz-border-radius:0px 0px 0px 0px;\nborder-radius:0px 0px 0px 0px;\npadding:0px 0px 0px 0px;\n}\n<\/style>\n<div  class='flex_column av-kl8t5-66d2d640284e52c01884dbc295e99507 av_one_third  avia-builder-el-17  el_after_av_one_third  el_before_av_one_third  first flex_column_div av-zero-column-padding  column-top-margin'     ><style type=\"text\/css\" data-created_by=\"avia_inline_auto\" id=\"style-css-av-lhkls9qf-c64b07978010af7f6b5abf88bc4dab79\">\n#top .av_textblock_section.av-lhkls9qf-c64b07978010af7f6b5abf88bc4dab79 .avia_textblock{\ncolor:#ffffff;\n}\n<\/style>\n<section  class='av_textblock_section av-lhkls9qf-c64b07978010af7f6b5abf88bc4dab79 '   itemscope=\"itemscope\" itemtype=\"https:\/\/schema.org\/CreativeWork\" ><div class='avia_textblock av_inherit_color'  itemprop=\"text\" ><p><strong>SU\u00c8DE, NORV\u00c8GE,<br \/>\nFINLANDE, DANEMARK<\/strong><br \/>\nJA Sport AB<br \/>\nJoachim Andersson<\/p>\n<p>Mo\u0308lledalsgatan 70<br \/>\n212 40 Malmo\u0308, Svezia<br \/>\n+46735054196<br \/>\nja@jasport.se<\/p>\n<\/div><\/section><\/div>\n<style type=\"text\/css\" data-created_by=\"avia_inline_auto\" id=\"style-css-av-e5t0p-b7acb653a410416020285b9e343a0896\">\n.flex_column.av-e5t0p-b7acb653a410416020285b9e343a0896{\n-webkit-border-radius:0px 0px 0px 0px;\n-moz-border-radius:0px 0px 0px 0px;\nborder-radius:0px 0px 0px 0px;\npadding:0px 0px 0px 0px;\n}\n<\/style>\n<div  class='flex_column av-e5t0p-b7acb653a410416020285b9e343a0896 av_one_third  avia-builder-el-19  el_after_av_one_third  el_before_av_one_third  flex_column_div av-zero-column-padding  column-top-margin'     ><style type=\"text\/css\" data-created_by=\"avia_inline_auto\" id=\"style-css-av-lhklspoq-a32acafd06d125c29471bbcee4ba9770\">\n#top .av_textblock_section.av-lhklspoq-a32acafd06d125c29471bbcee4ba9770 .avia_textblock{\ncolor:#ffffff;\n}\n<\/style>\n<section  class='av_textblock_section av-lhklspoq-a32acafd06d125c29471bbcee4ba9770 '   itemscope=\"itemscope\" itemtype=\"https:\/\/schema.org\/CreativeWork\" ><div class='avia_textblock av_inherit_color'  itemprop=\"text\" ><p><strong>\u00c9TATS-UNIS<\/strong><br \/>\nThe Bocce Bros.<\/p>\n<p>330-550-4480<br \/>\nTheBocceBros@Gmail.com<br \/>\nwww.theboccebros.com<\/p>\n<\/div><\/section><\/div>\n<style type=\"text\/css\" data-created_by=\"avia_inline_auto\" id=\"style-css-av-78pfd-913d5793f928569927ac1866ce21b99c\">\n.flex_column.av-78pfd-913d5793f928569927ac1866ce21b99c{\n-webkit-border-radius:0px 0px 0px 0px;\n-moz-border-radius:0px 0px 0px 0px;\nborder-radius:0px 0px 0px 0px;\npadding:0px 0px 0px 0px;\n}\n<\/style>\n<div  class='flex_column av-78pfd-913d5793f928569927ac1866ce21b99c av_one_third  avia-builder-el-21  el_after_av_one_third  el_before_av_one_fourth  flex_column_div av-zero-column-padding  column-top-margin'     ><\/div>\n<style type=\"text\/css\" data-created_by=\"avia_inline_auto\" id=\"style-css-av-1drah-2dbccb8c9e0086ee4b524ff59e089018\">\n.flex_column.av-1drah-2dbccb8c9e0086ee4b524ff59e089018{\n-webkit-border-radius:0px 0px 0px 0px;\n-moz-border-radius:0px 0px 0px 0px;\nborder-radius:0px 0px 0px 0px;\npadding:0px 0px 0px 0px;\n}\n<\/style>\n<div  class='flex_column av-1drah-2dbccb8c9e0086ee4b524ff59e089018 av_one_fourth  avia-builder-el-22  el_after_av_one_third  el_before_av_one_half  first flex_column_div av-zero-column-padding  column-top-margin'     ><\/div>\n<style type=\"text\/css\" data-created_by=\"avia_inline_auto\" id=\"style-css-av-8v0yp-36ed180dbc753215e38e756b5d580301\">\n.flex_column.av-8v0yp-36ed180dbc753215e38e756b5d580301{\n-webkit-border-radius:0px 0px 0px 0px;\n-moz-border-radius:0px 0px 0px 0px;\nborder-radius:0px 0px 0px 0px;\npadding:0px 0px 0px 0px;\n}\n<\/style>\n<div  class='flex_column av-8v0yp-36ed180dbc753215e38e756b5d580301 av_one_half  avia-builder-el-23  el_after_av_one_fourth  el_before_av_one_fourth  flex_column_div av-zero-column-padding  column-top-margin'     ><section  class='av_textblock_section av-3xhtpl-c73ead1be5498bd1553710c521907eac '   itemscope=\"itemscope\" itemtype=\"https:\/\/schema.org\/CreativeWork\" ><div class='avia_textblock'  itemprop=\"text\" ><p>Voulez-vous collaborer avec les \u00c9tats-Unis ?<\/p>\n<p>Remplissez le formulaire avec toutes vos donn\u00e9es, vous serez contact\u00e9 par notre personnel.<\/p>\n<\/div><\/section><br \/>\n<form action=\"https:\/\/rsportbocce.com\/fr\/contacts\/\" method=\"post\" data-fields-with-error=\"Found errors in the following field(s):\" class=\"avia_ajax_form av-form-labels-hidden   avia-builder-el-25  el_after_av_textblock  avia-builder-el-last  av-custom-form-color av-light-form \" data-avia-form-id=\"2\" data-avia-redirect='' ><fieldset><p class='  first_form  form_element form_element_half' id='element_avia_1_2'><label for=\"avia_1_2\">Pr\u00e9nom <abbr class=\"required\" title=\"requis(e)\">*<\/abbr><\/label> <input name=\"avia_1_2\" class=\"text_input is_empty\" type=\"text\" id=\"avia_1_2\" value=\"\"  placeholder='Pr\u00e9nom*'\/><\/p><p class='  form_element form_element_half' id='element_avia_2_2'><label for=\"avia_2_2\">E-Mail <abbr class=\"required\" title=\"requis(e)\">*<\/abbr><\/label> <input name=\"avia_2_2\" class=\"text_input is_email\" type=\"text\" id=\"avia_2_2\" value=\"\"  placeholder='E-Mail*'\/><\/p><p class='  first_form  form_element form_fullwidth' id='element_avia_3_2'><label for=\"avia_3_2\">T\u00e9l\u00e9phone <abbr class=\"required\" title=\"requis(e)\">*<\/abbr><\/label> <input name=\"avia_3_2\" class=\"text_input is_empty\" type=\"text\" id=\"avia_3_2\" value=\"\"  placeholder='T\u00e9l\u00e9phone*'\/><\/p><p class='  first_form  form_element form_fullwidth' id='element_avia_4_2'><label for=\"avia_4_2\" class=\"textare_label hidden textare_label_avia_4_2\">Message <abbr class=\"required\" title=\"requis(e)\">*<\/abbr><\/label><textarea  placeholder='Message*' name=\"avia_4_2\" class=\"text_area is_empty\" cols=\"40\" rows=\"7\" id=\"avia_4_2\" ><\/textarea><\/p><p class=\"hidden\"><input type=\"text\" name=\"avia_5_2\" class=\"hidden \" id=\"avia_5_2\" value=\"\" \/><\/p><p class='   form_element form_fullwidth' id='element_avia_6_2'><span class='value_verifier_label'>1 + 0 = ?<\/span><input name=\"avia_6_2_verifier\" type=\"hidden\" id=\"avia_6_2_verifier\" value=\"872832176\"\/><label for=\"avia_6_2\">Merci de prouver que vous \u00eates un humain en donnant le r\u00e9sultat de cette op\u00e9ration <abbr class=\"required\" title=\"requis(e)\">*<\/abbr><\/label><input name=\"avia_6_2\" class=\"text_input captcha\" type=\"text\" id=\"avia_6_2\" value=\"\"\/><\/p><p class=\"form_element \"><input type=\"hidden\" value=\"1\" name=\"avia_generated_form2\" \/><input type=\"submit\" value=\"Envoyer\" class=\"button\"  data-sending-label=\"Envoi\"\/><\/p><\/fieldset><\/form><div id=\"ajaxresponse_2\" class=\"ajaxresponse ajaxresponse_2 hidden\"><\/div><\/div>\n<style type=\"text\/css\" data-created_by=\"avia_inline_auto\" id=\"style-css-av-8ebvt-9a6d032ddc59ae252ac9fbe97500aa93\">\n.flex_column.av-8ebvt-9a6d032ddc59ae252ac9fbe97500aa93{\n-webkit-border-radius:0px 0px 0px 0px;\n-moz-border-radius:0px 0px 0px 0px;\nborder-radius:0px 0px 0px 0px;\npadding:0px 0px 0px 0px;\n}\n<\/style>\n<div  class='flex_column av-8ebvt-9a6d032ddc59ae252ac9fbe97500aa93 av_one_fourth  avia-builder-el-26  el_after_av_one_half  avia-builder-el-last  flex_column_div av-zero-column-padding  column-top-margin'     ><\/div><\/div><\/div><\/div><!-- close content main div --><\/div><\/div><\/div><div id='after_section_2'  class='main_color av_default_container_wrap container_wrap sidebar_right'  ><div class='container av-section-cont-open' ><div class='template-page content  av-content-small alpha units'><div class='post-entry post-entry-type-page post-entry-8464'><div class='entry-content-wrapper clearfix'><\/p>\n","protected":false},"excerpt":{"rendered":"Contacts. Remplissez le formulaire ci-dessous pour demander des informations, des devis et des curiosit\u00e9s. Notre personnel vous r\u00e9pondra dans les 24 heures. Nome * E-Mail * Oggetto * Messaggio *5 + 3 = ?Merci de prouver que vous \u00eates un humain en donnant le r\u00e9sultat de cette op\u00e9ration * RSPORT S.R.L.S P.IVA 09388340961 +39 392 [...]","protected":false},"author":5,"featured_media":0,"parent":0,"menu_order":0,"comment_status":"closed","ping_status":"closed","template":"","meta":{"footnotes":""},"class_list":["post-8464","page","type-page","status-publish","hentry"],"yoast_head":"<!-- This site is optimized with the Yoast SEO plugin v25.5 - https:\/\/yoast.com\/wordpress\/plugins\/seo\/ -->\n<title>Contacts - RSport Bocce<\/title>\n<meta name=\"robots\" content=\"index, follow, max-snippet:-1, max-image-preview:large, max-video-preview:-1\" \/>\n<link rel=\"canonical\" href=\"https:\/\/rsportbocce.com\/fr\/contacts\/\" \/>\n<meta property=\"og:locale\" content=\"fr_FR\" \/>\n<meta property=\"og:type\" content=\"article\" \/>\n<meta property=\"og:title\" content=\"Contacts - RSport Bocce\" \/>\n<meta property=\"og:url\" content=\"https:\/\/rsportbocce.com\/fr\/contacts\/\" \/>\n<meta property=\"og:site_name\" content=\"RSport Bocce\" \/>\n<meta property=\"article:modified_time\" content=\"2023-06-22T11:53:06+00:00\" \/>\n<meta name=\"twitter:card\" content=\"summary_large_image\" \/>\n<meta name=\"twitter:label1\" content=\"Dur\u00e9e de lecture estim\u00e9e\" \/>\n\t<meta name=\"twitter:data1\" content=\"6 minutes\" \/>\n<script type=\"application\/ld+json\" class=\"yoast-schema-graph\">{\"@context\":\"https:\/\/schema.org\",\"@graph\":[{\"@type\":\"WebPage\",\"@id\":\"https:\/\/rsportbocce.com\/fr\/contacts\/\",\"url\":\"https:\/\/rsportbocce.com\/fr\/contacts\/\",\"name\":\"Contacts - RSport Bocce\",\"isPartOf\":{\"@id\":\"https:\/\/rsportbocce.com\/it\/#website\"},\"datePublished\":\"2016-05-11T11:48:44+00:00\",\"dateModified\":\"2023-06-22T11:53:06+00:00\",\"breadcrumb\":{\"@id\":\"https:\/\/rsportbocce.com\/fr\/contacts\/#breadcrumb\"},\"inLanguage\":\"fr-FR\",\"potentialAction\":[{\"@type\":\"ReadAction\",\"target\":[\"https:\/\/rsportbocce.com\/fr\/contacts\/\"]}]},{\"@type\":\"BreadcrumbList\",\"@id\":\"https:\/\/rsportbocce.com\/fr\/contacts\/#breadcrumb\",\"itemListElement\":[{\"@type\":\"ListItem\",\"position\":1,\"name\":\"Home\",\"item\":\"https:\/\/rsportbocce.com\/it\/\"},{\"@type\":\"ListItem\",\"position\":2,\"name\":\"Contacts\"}]},{\"@type\":\"WebSite\",\"@id\":\"https:\/\/rsportbocce.com\/it\/#website\",\"url\":\"https:\/\/rsportbocce.com\/it\/\",\"name\":\"RSport Bocce\",\"description\":\"Tutto per le bocce\",\"potentialAction\":[{\"@type\":\"SearchAction\",\"target\":{\"@type\":\"EntryPoint\",\"urlTemplate\":\"https:\/\/rsportbocce.com\/it\/?s={search_term_string}\"},\"query-input\":{\"@type\":\"PropertyValueSpecification\",\"valueRequired\":true,\"valueName\":\"search_term_string\"}}],\"inLanguage\":\"fr-FR\"}]}<\/script>\n<!-- \/ Yoast SEO plugin. -->","yoast_head_json":{"title":"Contacts - RSport Bocce","robots":{"index":"index","follow":"follow","max-snippet":"max-snippet:-1","max-image-preview":"max-image-preview:large","max-video-preview":"max-video-preview:-1"},"canonical":"https:\/\/rsportbocce.com\/fr\/contacts\/","og_locale":"fr_FR","og_type":"article","og_title":"Contacts - RSport Bocce","og_url":"https:\/\/rsportbocce.com\/fr\/contacts\/","og_site_name":"RSport Bocce","article_modified_time":"2023-06-22T11:53:06+00:00","twitter_card":"summary_large_image","twitter_misc":{"Dur\u00e9e de lecture estim\u00e9e":"6 minutes"},"schema":{"@context":"https:\/\/schema.org","@graph":[{"@type":"WebPage","@id":"https:\/\/rsportbocce.com\/fr\/contacts\/","url":"https:\/\/rsportbocce.com\/fr\/contacts\/","name":"Contacts - RSport Bocce","isPartOf":{"@id":"https:\/\/rsportbocce.com\/it\/#website"},"datePublished":"2016-05-11T11:48:44+00:00","dateModified":"2023-06-22T11:53:06+00:00","breadcrumb":{"@id":"https:\/\/rsportbocce.com\/fr\/contacts\/#breadcrumb"},"inLanguage":"fr-FR","potentialAction":[{"@type":"ReadAction","target":["https:\/\/rsportbocce.com\/fr\/contacts\/"]}]},{"@type":"BreadcrumbList","@id":"https:\/\/rsportbocce.com\/fr\/contacts\/#breadcrumb","itemListElement":[{"@type":"ListItem","position":1,"name":"Home","item":"https:\/\/rsportbocce.com\/it\/"},{"@type":"ListItem","position":2,"name":"Contacts"}]},{"@type":"WebSite","@id":"https:\/\/rsportbocce.com\/it\/#website","url":"https:\/\/rsportbocce.com\/it\/","name":"RSport Bocce","description":"Tutto per le bocce","potentialAction":[{"@type":"SearchAction","target":{"@type":"EntryPoint","urlTemplate":"https:\/\/rsportbocce.com\/it\/?s={search_term_string}"},"query-input":{"@type":"PropertyValueSpecification","valueRequired":true,"valueName":"search_term_string"}}],"inLanguage":"fr-FR"}]}},"_links":{"self":[{"href":"https:\/\/rsportbocce.com\/fr\/wp-json\/wp\/v2\/pages\/8464","targetHints":{"allow":["GET"]}}],"collection":[{"href":"https:\/\/rsportbocce.com\/fr\/wp-json\/wp\/v2\/pages"}],"about":[{"href":"https:\/\/rsportbocce.com\/fr\/wp-json\/wp\/v2\/types\/page"}],"author":[{"embeddable":true,"href":"https:\/\/rsportbocce.com\/fr\/wp-json\/wp\/v2\/users\/5"}],"replies":[{"embeddable":true,"href":"https:\/\/rsportbocce.com\/fr\/wp-json\/wp\/v2\/comments?post=8464"}],"version-history":[{"count":5,"href":"https:\/\/rsportbocce.com\/fr\/wp-json\/wp\/v2\/pages\/8464\/revisions"}],"predecessor-version":[{"id":9280,"href":"https:\/\/rsportbocce.com\/fr\/wp-json\/wp\/v2\/pages\/8464\/revisions\/9280"}],"wp:attachment":[{"href":"https:\/\/rsportbocce.com\/fr\/wp-json\/wp\/v2\/media?parent=8464"}],"curies":[{"name":"wp","href":"https:\/\/api.w.org\/{rel}","templated":true}]}}