{"id":3,"date":"2020-06-10T12:56:20","date_gmt":"2020-06-10T10:56:20","guid":{"rendered":"https:\/\/francescor16.sg-host.com\/?page_id=3"},"modified":"2023-06-01T10:31:33","modified_gmt":"2023-06-01T08:31:33","slug":"privacy-policy","status":"publish","type":"page","link":"https:\/\/rsportbocce.com\/it\/privacy-policy\/","title":{"rendered":"Privacy Policy"},"content":{"rendered":"<div class=\"wpb-content-wrapper\"><p>[vc_row css=&#8221;.vc_custom_1610538326196{margin-top: 60px !important;margin-right: 4% !important;margin-bottom: 60px !important;margin-left: 4% !important;}&#8221;][vc_column][vc_column_text]<\/p>\r\n<p><strong>RsportBocce<\/strong> tutela i dati personali acquisiti nel rispetto dei principi di correttezza, liceit\u00e0, trasparenza e tutela della riservatezza. Non raccogliamo alcuna informazione personale che non sia necessaria per le finalit\u00e0 di seguito descritte e non lo facciamo mai a insaputa del conferente.<br \/>La presente informativa viene resa ai sensi degli art. 13-14 del GDPR (General Data Protection Regulation) 2016\/679 e si applica a tutti i dati personali, inclusi quelli raccolti o inviati tramite il sito web e le pagine social media ufficiali.<\/p>\r\n<p><strong>COSA SONO I DATI PERSONALI E COME LI UTILIZZIAMO<\/strong><br \/>Per dati personali si intendono tutte le informazioni che potrebbero permettere di identificarla, come ad esempio nome e cognome, indirizzo, email, numero di telefono, data di nascita, luogo di residenza, notizie tecniche quali IP o notizie raccolte con i cookie, etc. I dati personali possono venirci trasmessi direttamente da lei (ad esempio quando compila il modulo di contatto del sito web o quando aderisce ai nostri servizi), o tramite cookie che permettono a un server web di trasferire dati a un computer o dispositivo per archiviazione e altre finalit\u00e0. Se non desidera che vengano raccolte informazioni tramite l\u2019utilizzo dei cookie, la maggior parte dei browser mette a disposizione una semplice procedura che permette di non autorizzare il loro utilizzo. Utilizziamo anche piattaforme social media che comprendono, tra gli altri, Facebook, Instagram, LinkedIn, Twitter, e servizi di messaggistica come WhatsApp o Facebook Messenger.<\/p>\r\n<p>I dati personali si distinguono in:<br \/>A. dati identificativi: nome, cognome, estremi documento di riconoscimento e copia dello stesso, telefono, indirizzo email, indirizzo di residenza, nome del genitore (in caso di minore), data di nascita, etc.<\/p>\r\n<p>Questi dati vengono da noi trattati per contattarla in fase di vendita, per fornire i servizi di consulenza che lei ha richiesto o per consentire alle scuole e ai fornitori di programmi educativi che lei ha scelto su nostra segnalazione di completare la sua iscrizione ai loro programmi. Utilizziamo inoltre i suoi dati per l\u2019assistenza clienti e per l\u2019adempimento di obblighi civilistici, contabili, e fiscali. Possiamo anche usare i dati personali per permetterle di partecipare a forum, chat e blog e di utilizzare altri servizi che consentono di pubblicare informazioni e materiali e inoltre, se ha espresso il suo consenso, per l\u2019invio della nostra newsletter.<\/p>\r\n<p>Il trattamento dei dati avviene in forma informatica e cartacea, con l\u2019ausilio di adeguati e sicuri strumenti e sistemi, i quali sono atti a garantire la riservatezza e a evitare l\u2019indebita appropriazione da parte di soggetti non autorizzati. I soggetti autorizzati al trattamento dei dati sono ben identificati e adeguatamente istruiti. Il conferimento dei suddetti dati \u00e8 obbligatorio per l\u2019esecuzione del rapporto contrattuale con noi o con le scuole e i fornitori di servizi educativi per i quali vi prestiamo assistenza nella compilazione dei moduli. Il loro mancato, parziale o inesatto conferimento potr\u00e0 avere, come conseguenza, l\u2019impossibilit\u00e0 di fornire le informazioni o prestare i servizi richiesti.<br \/>B. categorie particolari di dati personali: i dati personali sensibili riguardano l\u2019origine etnica o razziale, le opinioni politiche, le credenze religiose o filosofiche, la situazione clinica o le condizioni di salute, i precedenti penali. \u00c8 spesso necessario raccogliere tali dati in quanto essi servono all\u2019espletamento dei nostri servizi di consulenza o di assistenza nella compilazione dei moduli richiesti dalle scuole o dai fornitori di programmi educativi. Sar\u00e0 nostro compito accertarci di avere il suo esplicito consenso per il trattamento di questo tipo di informazioni, che gestiremo in sicurezza.<\/p>\r\n<p><strong>NORME PER I MINORI DI 16 ANNI<\/strong><br \/>Se il soggetto che conferisce i dati ha un\u2019et\u00e0 inferiore ai 16 anni, il trattamento \u00e8 lecito soltanto se il consenso \u00e8 prestato o autorizzato dal titolare della responsabilit\u00e0 genitoriale.<br \/>Non \u00e8 nostro obbligo controllare l\u2019et\u00e0 di chi ci contatta in fase di pre-vendita, ma se dovessimo scoprire di possedere dati di un minore di 16 anni senza il consenso di un genitore o tutore, saremo costretti a eliminare le informazioni. In caso di trattamento dei dati post-vendita, invece, il consenso di un genitore o un tutore \u00e8 necessario e deve essere documentato.<\/p>\r\n<p><strong>COSA SONO I COOKIE E COME LI UTILIZZIAMO<\/strong><br \/>I cookie sono piccoli file di dati che vengono depositati sul dispositivo da lei utilizzato quando naviga su un sito web. La volta successiva in cui visiter\u00e0 il sito, il browser legger\u00e0 il file e trasmetter\u00e0 le informazioni a chi originariamente ha creato il cookie.<\/p>\r\n<p><strong>Il nostro sito web utilizza:<\/strong><br \/>\u2022 cookie tecnici indispensabili per il corretto funzionamento del sito, che rilevano dati al solo fine di ricavare informazioni statistiche anonime sull\u2019uso del sito e per controllarne il corretto funzionamento;<br \/>\u2022 cookie di terze parti gestiti da altre organizzazioni e utilizzati per raccogliere e analizzare il traffico e l\u2019utilizzo del sito in modo anonimo. Questi cookie, non identificano mai l\u2019utente. La gestione delle informazioni raccolte da \u201cterze parti\u201d \u00e8 disciplinata dalle relative informative, in particolare si faccia riferimento a quella per la gestione dei cookie Google Analytics\u00a0 (Google Inc). Google pu\u00f2 anche comunicare queste informazioni a terzi ove ci\u00f2 sia imposto dalla legge o laddove tali terzi trattino le suddette informazioni per conto di Google. Il nostro sito non utilizza strumenti di analisi per monitorare o per raccogliere informazioni personali di identificazione.<\/p>\r\n<p><strong>CON CHI CONDIVIDIAMO I DATI PERSONALI<\/strong><br \/>\u2022 Condividiamo i dati personali per adempiere agli obblighi di legge e contrattuali (es. istituti di credito, enti previdenziali, responsabili delle pratiche contabili e amministrative).<br \/>\u2022 Condividiamo i dati personali con i nostri partner e fornitori di servizi di consulenza nonch\u00e9 con le scuole e i fornitori di programmi educativi per i quali vi prestiamo assistenza nella compilazione dei moduli, sia all\u2019interno sia all\u2019esterno della Comunit\u00e0 Europea.<\/p>\r\n<p><strong>COME ANNULLARE IL CONFERIMENTO<\/strong><br \/>Se in qualsiasi momento lei dovesse desiderare di non ricevere pi\u00f9 comunicazioni di marketing da parte nostra, potr\u00e0 comunicarci la tua intenzione per email all\u2019indirizzo info @ RsportBocce . com. Nella sua mail indichi che non desidera pi\u00f9 ricevere comunicazioni di marketing.<br \/>6. Per quanto tempo conserviamo i dati personali<br \/>Conserviamo i dati personali per il tempo necessario alle finalit\u00e0 per cui sono stati raccolti o nel rispetto dei limiti di tempo stabiliti dalla legge. Conserveremo i soli dati necessari ai fini di marketing per un massimo di 10 anni dal loro conferimento o fino a quando lei ritirer\u00e0 il suo consenso se la data \u00e8 anteriore.<\/p>\r\n<p><strong>I DIRITTI DI CHI CONFERISCE I DATI<\/strong><br \/>Chi ci conferisce i propri dati ha il diritto, in qualsiasi momento, di ritirare il consenso al loro uso ai fini di marketing diretto. Inoltre pu\u00f2 richiedere che l\u2019uso dei propri dati personali sia limitato o che questi vengano eliminati o corretti se incompleti o errati. L\u2019eliminazione dei dati personali, tuttavia, potrebbe impedirci di fornire le informazioni e i servizi richiesti qualora il rapporto con noi sia ancora in essere.<\/p>\r\n<p><strong>COME CONTATTARCI<\/strong><br \/>Il titolare del trattamento dei dati personali \u00e8<br \/>RsportBocce S.r.l.s.<br \/>Via Fonzaso 4<\/p>\r\n<p>Se ha dei reclami relativi alla nostra gestione dei suoi dati personali, ha il diritto di contattare l\u2019autorit\u00e0 di controllo.<\/p>\r\n<p>[\/vc_column_text][vc_column_text]<\/p>\r\n<h6>\u00a0<\/h6>\r\n<h6>COOKIE POLICY<\/h6>\r\n<p><strong>RsportBocce.com<\/strong> utilizza cookie, anche di terze p arti, per migliorare l\u2019esperienza di navigazione e consentire a chi naviga di usufruire dei servizi online. I cookies utilizzati in questo sito rientrano nelle categorie descritte di seguito.<\/p>\r\n<p>Se Lei prosegue nella navigazione acconsente all\u2019utilizzo dei cookie. In qualunque momento \u00e8 possibile disabilitare i cookies presenti sul browser. Le ricordiamo che quest\u2019opzione potrebbe limitare alcune delle funzionalit\u00e0 di navigazione del sito.<\/p>\r\n<p><strong>COSA SONO I COOKIES <\/strong><\/p>\r\n<p>I cookies sono piccoli file di testo che vengono automaticamente posizionati sul PC del navigatore all\u2019interno del browser. Essi contengono informazioni di base sulla navigazione in Internet e grazie al browser vengono riconosciuti ogni volta che l\u2019utente visita il sito.<\/p>\r\n<p>Un cookie non pu\u00f2 richiamare nessun altro dato dal disco fisso dell\u2019utente n\u00e9 trasmettere virus informatici o acquisire indirizzi email. Ogni cookie \u00e8 unico per il web browser dell\u2019utente. Alcune delle funzioni dei cookie possono essere demandate ad altre tecnologie.<\/p>\r\n<p>Nel presente documento con il termine \u2018cookie\u2019 si vuol far riferimento sia ai cookie, propriamente detti, sia a tutte le tecnologie similari.<\/p>\r\n<p><strong>NATURA DEI COOKIE<\/strong><\/p>\r\n<p>Si distinguono tre tipologie di cookie tecnici in relazione alle attivit\u00e0 svolte Attivit\u00e0 strettamente necessarie al funzionamento Questi cookies hanno natura tecnica e permettono al sito di funzionare correttamente. Ad esempio, mantengono l\u2019utente collegato durante la navigazione evitando che il sito richieda di collegarsi pi\u00f9 volte per accedere alle pagine successive. Attivit\u00e0 di salvataggio delle preferenze Questi cookie permettono di ricordare le preferenze selezionate dall\u2019utente durante la navigazione, ad esempio, consentono di impostare la lingua. Attivit\u00e0 statistiche e di misurazione dell\u2019audience<\/p>\r\n<p>Questi cookie aiutano a capire, attraverso dati raccolti in forma anonima e aggregata, come gli utenti interagiscono con i siti internet. Essi forniscono informazioni relative alle sezioni visitate, il tempo trascorso sul sito, eventuali malfunzionamenti.<\/p>\r\n<p><strong>COOKIE DI PROFILAZIONE DI TERZA PARTE<\/strong><\/p>\r\n<p>Facciamo uso di alcuni fornitori che possono a loro volta installare cookies per il corretto funzionamento dei servizi che stanno fornendo.<\/p>\r\n<p>[\/vc_column_text][\/vc_column][\/vc_row][vc_row][vc_column][vc_column_text]<\/p>\r\n<p>[\/vc_column_text][\/vc_column][\/vc_row]<\/p><\/div>","protected":false},"excerpt":{"rendered":"<p>[vc_row css=&#8221;.vc_custom_1610538326196{margin-top: 60px !important;margin-right: 4% !important;margin-bottom: 60px !important;margin-left: 4% !important;}&#8221;][vc_column][vc_column_text] RsportBocce tutela i dati personali acquisiti nel rispetto dei principi di correttezza, liceit\u00e0, trasparenza e tutela della riservatezza. Non raccogliamo alcuna informazione personale che non sia necessaria per le finalit\u00e0 di seguito descritte e non lo facciamo mai a insaputa del conferente.La presente informativa viene [&hellip;]<\/p>\n","protected":false},"author":5,"featured_media":0,"parent":0,"menu_order":0,"comment_status":"closed","ping_status":"closed","template":"","meta":{"footnotes":""},"class_list":["post-3","page","type-page","status-publish","hentry"],"yoast_head":"<!-- This site is optimized with the Yoast SEO plugin v25.5 - https:\/\/yoast.com\/wordpress\/plugins\/seo\/ -->\n<title>Privacy Policy - RSport Bocce<\/title>\n<meta name=\"robots\" content=\"index, follow, max-snippet:-1, max-image-preview:large, max-video-preview:-1\" \/>\n<link rel=\"canonical\" href=\"https:\/\/rsportbocce.com\/it\/privacy-policy\/\" \/>\n<meta property=\"og:locale\" content=\"it_IT\" \/>\n<meta property=\"og:type\" content=\"article\" \/>\n<meta property=\"og:title\" content=\"Privacy Policy - RSport Bocce\" \/>\n<meta property=\"og:description\" content=\"[vc_row css=&#8221;.vc_custom_1610538326196{margin-top: 60px !important;margin-right: 4% !important;margin-bottom: 60px !important;margin-left: 4% !important;}&#8221;][vc_column][vc_column_text] RsportBocce tutela i dati personali acquisiti nel rispetto dei principi di correttezza, liceit\u00e0, trasparenza e tutela della riservatezza. Non raccogliamo alcuna informazione personale che non sia necessaria per le finalit\u00e0 di seguito descritte e non lo facciamo mai a insaputa del conferente.La presente informativa viene [&hellip;]\" \/>\n<meta property=\"og:url\" content=\"https:\/\/rsportbocce.com\/it\/privacy-policy\/\" \/>\n<meta property=\"og:site_name\" content=\"RSport Bocce\" \/>\n<meta property=\"article:modified_time\" content=\"2023-06-01T08:31:33+00:00\" \/>\n<meta name=\"twitter:card\" content=\"summary_large_image\" \/>\n<meta name=\"twitter:label1\" content=\"Tempo di lettura stimato\" \/>\n\t<meta name=\"twitter:data1\" content=\"8 minuti\" \/>\n<script type=\"application\/ld+json\" class=\"yoast-schema-graph\">{\"@context\":\"https:\/\/schema.org\",\"@graph\":[{\"@type\":\"WebPage\",\"@id\":\"https:\/\/rsportbocce.com\/it\/privacy-policy\/\",\"url\":\"https:\/\/rsportbocce.com\/it\/privacy-policy\/\",\"name\":\"Privacy Policy - RSport Bocce\",\"isPartOf\":{\"@id\":\"https:\/\/rsportbocce.com\/it\/#website\"},\"datePublished\":\"2020-06-10T10:56:20+00:00\",\"dateModified\":\"2023-06-01T08:31:33+00:00\",\"breadcrumb\":{\"@id\":\"https:\/\/rsportbocce.com\/it\/privacy-policy\/#breadcrumb\"},\"inLanguage\":\"it-IT\",\"potentialAction\":[{\"@type\":\"ReadAction\",\"target\":[\"https:\/\/rsportbocce.com\/it\/privacy-policy\/\"]}]},{\"@type\":\"BreadcrumbList\",\"@id\":\"https:\/\/rsportbocce.com\/it\/privacy-policy\/#breadcrumb\",\"itemListElement\":[{\"@type\":\"ListItem\",\"position\":1,\"name\":\"Home\",\"item\":\"https:\/\/rsportbocce.com\/it\/\"},{\"@type\":\"ListItem\",\"position\":2,\"name\":\"Privacy Policy\"}]},{\"@type\":\"WebSite\",\"@id\":\"https:\/\/rsportbocce.com\/it\/#website\",\"url\":\"https:\/\/rsportbocce.com\/it\/\",\"name\":\"RSport Bocce\",\"description\":\"Tutto per le bocce\",\"potentialAction\":[{\"@type\":\"SearchAction\",\"target\":{\"@type\":\"EntryPoint\",\"urlTemplate\":\"https:\/\/rsportbocce.com\/it\/?s={search_term_string}\"},\"query-input\":{\"@type\":\"PropertyValueSpecification\",\"valueRequired\":true,\"valueName\":\"search_term_string\"}}],\"inLanguage\":\"it-IT\"}]}<\/script>\n<!-- \/ Yoast SEO plugin. -->","yoast_head_json":{"title":"Privacy Policy - RSport Bocce","robots":{"index":"index","follow":"follow","max-snippet":"max-snippet:-1","max-image-preview":"max-image-preview:large","max-video-preview":"max-video-preview:-1"},"canonical":"https:\/\/rsportbocce.com\/it\/privacy-policy\/","og_locale":"it_IT","og_type":"article","og_title":"Privacy Policy - RSport Bocce","og_description":"[vc_row css=&#8221;.vc_custom_1610538326196{margin-top: 60px !important;margin-right: 4% !important;margin-bottom: 60px !important;margin-left: 4% !important;}&#8221;][vc_column][vc_column_text] RsportBocce tutela i dati personali acquisiti nel rispetto dei principi di correttezza, liceit\u00e0, trasparenza e tutela della riservatezza. Non raccogliamo alcuna informazione personale che non sia necessaria per le finalit\u00e0 di seguito descritte e non lo facciamo mai a insaputa del conferente.La presente informativa viene [&hellip;]","og_url":"https:\/\/rsportbocce.com\/it\/privacy-policy\/","og_site_name":"RSport Bocce","article_modified_time":"2023-06-01T08:31:33+00:00","twitter_card":"summary_large_image","twitter_misc":{"Tempo di lettura stimato":"8 minuti"},"schema":{"@context":"https:\/\/schema.org","@graph":[{"@type":"WebPage","@id":"https:\/\/rsportbocce.com\/it\/privacy-policy\/","url":"https:\/\/rsportbocce.com\/it\/privacy-policy\/","name":"Privacy Policy - RSport Bocce","isPartOf":{"@id":"https:\/\/rsportbocce.com\/it\/#website"},"datePublished":"2020-06-10T10:56:20+00:00","dateModified":"2023-06-01T08:31:33+00:00","breadcrumb":{"@id":"https:\/\/rsportbocce.com\/it\/privacy-policy\/#breadcrumb"},"inLanguage":"it-IT","potentialAction":[{"@type":"ReadAction","target":["https:\/\/rsportbocce.com\/it\/privacy-policy\/"]}]},{"@type":"BreadcrumbList","@id":"https:\/\/rsportbocce.com\/it\/privacy-policy\/#breadcrumb","itemListElement":[{"@type":"ListItem","position":1,"name":"Home","item":"https:\/\/rsportbocce.com\/it\/"},{"@type":"ListItem","position":2,"name":"Privacy Policy"}]},{"@type":"WebSite","@id":"https:\/\/rsportbocce.com\/it\/#website","url":"https:\/\/rsportbocce.com\/it\/","name":"RSport Bocce","description":"Tutto per le bocce","potentialAction":[{"@type":"SearchAction","target":{"@type":"EntryPoint","urlTemplate":"https:\/\/rsportbocce.com\/it\/?s={search_term_string}"},"query-input":{"@type":"PropertyValueSpecification","valueRequired":true,"valueName":"search_term_string"}}],"inLanguage":"it-IT"}]}},"_links":{"self":[{"href":"https:\/\/rsportbocce.com\/it\/wp-json\/wp\/v2\/pages\/3","targetHints":{"allow":["GET"]}}],"collection":[{"href":"https:\/\/rsportbocce.com\/it\/wp-json\/wp\/v2\/pages"}],"about":[{"href":"https:\/\/rsportbocce.com\/it\/wp-json\/wp\/v2\/types\/page"}],"author":[{"embeddable":true,"href":"https:\/\/rsportbocce.com\/it\/wp-json\/wp\/v2\/users\/5"}],"replies":[{"embeddable":true,"href":"https:\/\/rsportbocce.com\/it\/wp-json\/wp\/v2\/comments?post=3"}],"version-history":[{"count":15,"href":"https:\/\/rsportbocce.com\/it\/wp-json\/wp\/v2\/pages\/3\/revisions"}],"predecessor-version":[{"id":9223,"href":"https:\/\/rsportbocce.com\/it\/wp-json\/wp\/v2\/pages\/3\/revisions\/9223"}],"wp:attachment":[{"href":"https:\/\/rsportbocce.com\/it\/wp-json\/wp\/v2\/media?parent=3"}],"curies":[{"name":"wp","href":"https:\/\/api.w.org\/{rel}","templated":true}]}}